{"id":923,"date":"2019-05-21T21:14:39","date_gmt":"2019-05-21T19:14:39","guid":{"rendered":"http:\/\/www.sainteelisabeth-versailles.com\/seh\/?page_id=923"},"modified":"2025-01-22T11:39:51","modified_gmt":"2025-01-22T10:39:51","slug":"lequipe-eap","status":"publish","type":"page","link":"https:\/\/www.sainteelisabeth-versailles.com\/seh\/presentation-de-la-paroisse\/lequipe-eap\/","title":{"rendered":"R\u00e9seau d\u2019entraide"},"content":{"rendered":"<div class=\"\">\n<p><img decoding=\"async\" class=\"size-full wp-image-5576 aligncenter\" src=\"https:\/\/www.sainteelisabeth-versailles.com\/seh\/wp-content\/uploads\/2023\/09\/entraide1.png\" alt=\"\" width=\"100%\" srcset=\"https:\/\/www.sainteelisabeth-versailles.com\/seh\/wp-content\/uploads\/2023\/09\/entraide1.png 793w, https:\/\/www.sainteelisabeth-versailles.com\/seh\/wp-content\/uploads\/2023\/09\/entraide1-300x207.png 300w, https:\/\/www.sainteelisabeth-versailles.com\/seh\/wp-content\/uploads\/2023\/09\/entraide1-768x530.png 768w\" sizes=\"(max-width: 793px) 100vw, 793px\" \/><\/p>\n<p><img decoding=\"async\" class=\"alignnone size-full wp-image-5577\" src=\"https:\/\/www.sainteelisabeth-versailles.com\/seh\/wp-content\/uploads\/2023\/09\/entraide2.png\" alt=\"\" width=\"100%\" srcset=\"https:\/\/www.sainteelisabeth-versailles.com\/seh\/wp-content\/uploads\/2023\/09\/entraide2.png 787w, https:\/\/www.sainteelisabeth-versailles.com\/seh\/wp-content\/uploads\/2023\/09\/entraide2-300x209.png 300w, https:\/\/www.sainteelisabeth-versailles.com\/seh\/wp-content\/uploads\/2023\/09\/entraide2-768x534.png 768w\" sizes=\"(max-width: 787px) 100vw, 787px\" \/><\/p>\n<p style=\"text-align: center;\">La communaut\u00e9 de la paroisse sainte \u00c9lisabeth avec l\u2019aum\u00f4nerie de la maison de retraite L\u00e9pine tisse et anime <strong>un r\u00e9seau d\u2019entraide aupr\u00e8s des personnes \u00e2g\u00e9es, malades ou isol\u00e9es du quartier<\/strong>.<\/p>\n<p>&nbsp;<\/p>\n<p style=\"text-align: center;\">Un\u00a0\u00ab\u00a0<strong>pique nique fraternel\u00a0\u00bb\u00a0<\/strong>r\u00e9unit <strong>chaque premier dimanche du mois<\/strong><br \/>\nau CSE \u00e0 partir de 11h45 toutes les personnes qui le souhaitent.<\/p>\n<p>&nbsp;<\/p>\n<p style=\"text-align: center;\">Un \u00ab <strong>go\u00fbter fraternel<\/strong> \u00bb r\u00e9unit mensuellement toutes personnes qui souhaitent \u00e9changer autour de boissons et de p\u00e2tisseries.<\/p>\n<p>&nbsp;<\/p>\n<p style=\"text-align: center;\">L\u2019\u00e9quipe de coordination de l\u2019entraide propose des <strong>parrainages t\u00e9l\u00e9phoniques<\/strong> ou des <strong>visites \u00e0 domicile<\/strong>, des petites <strong>actions d\u2019aides au quotidien<\/strong> (courses ponctuelles, marche dans le quartier, conduites, distribution de petits courriers ou colis\u2026) et pour ceux qui le souhaitent, porte la <strong>communion \u00e0 domicile<\/strong>.<\/p>\n<p>&nbsp;<\/p>\n<p style=\"text-align: center;\">N\u2019h\u00e9sitez pas rejoindre l\u2019\u00e9quipe d\u2019entraide pour proposer vos services de tout type ! Pour toute information ou demande, vous pouvez adresser un message \u00e0\u00a0<a id=\"LPlnk880568\" href=\"mailto:entraide.steelisabeth78@gmail.com\" target=\"_blank\" rel=\"noopener noreferrer\" data-auth=\"NotApplicable\" data-linkindex=\"0\" data-ogsc=\"rgb(236, 0, 60)\">entraide.steelisabeth78@gmail.com<\/a><\/p>\n<\/div>\n","protected":false},"excerpt":{"rendered":"<p>La communaut\u00e9 de la paroisse sainte \u00c9lisabeth avec l\u2019aum\u00f4nerie de la maison de retraite L\u00e9pine tisse et anime un r\u00e9seau d\u2019entraide aupr\u00e8s des personnes \u00e2g\u00e9es, malades ou isol\u00e9es du quartier. &nbsp; Un\u00a0\u00ab\u00a0pique nique fraternel\u00a0\u00bb\u00a0r\u00e9unit chaque premier dimanche du mois au CSE \u00e0 partir de 11h45 toutes les personnes qui le souhaitent. &nbsp; Un \u00ab go\u00fbter [&hellip;]<\/p>\n","protected":false},"author":6,"featured_media":0,"parent":843,"menu_order":3,"comment_status":"closed","ping_status":"closed","template":"page-type.php","meta":{"footnotes":""},"class_list":["post-923","page","type-page","status-publish","hentry"],"_links":{"self":[{"href":"https:\/\/www.sainteelisabeth-versailles.com\/seh\/wp-json\/wp\/v2\/pages\/923","targetHints":{"allow":["GET"]}}],"collection":[{"href":"https:\/\/www.sainteelisabeth-versailles.com\/seh\/wp-json\/wp\/v2\/pages"}],"about":[{"href":"https:\/\/www.sainteelisabeth-versailles.com\/seh\/wp-json\/wp\/v2\/types\/page"}],"author":[{"embeddable":true,"href":"https:\/\/www.sainteelisabeth-versailles.com\/seh\/wp-json\/wp\/v2\/users\/6"}],"replies":[{"embeddable":true,"href":"https:\/\/www.sainteelisabeth-versailles.com\/seh\/wp-json\/wp\/v2\/comments?post=923"}],"version-history":[{"count":11,"href":"https:\/\/www.sainteelisabeth-versailles.com\/seh\/wp-json\/wp\/v2\/pages\/923\/revisions"}],"predecessor-version":[{"id":6328,"href":"https:\/\/www.sainteelisabeth-versailles.com\/seh\/wp-json\/wp\/v2\/pages\/923\/revisions\/6328"}],"up":[{"embeddable":true,"href":"https:\/\/www.sainteelisabeth-versailles.com\/seh\/wp-json\/wp\/v2\/pages\/843"}],"wp:attachment":[{"href":"https:\/\/www.sainteelisabeth-versailles.com\/seh\/wp-json\/wp\/v2\/media?parent=923"}],"curies":[{"name":"wp","href":"https:\/\/api.w.org\/{rel}","templated":true}]}}