{"id":907,"date":"2019-05-19T21:41:25","date_gmt":"2019-05-19T19:41:25","guid":{"rendered":"http:\/\/www.sainteelisabeth-versailles.com\/seh\/?page_id=907"},"modified":"2025-03-24T11:15:11","modified_gmt":"2025-03-24T10:15:11","slug":"communaute-portugaise","status":"publish","type":"page","link":"https:\/\/www.sainteelisabeth-versailles.com\/seh\/presentation-de-la-paroisse\/communaute-portugaise\/","title":{"rendered":"Communaut\u00e9 Portugaise"},"content":{"rendered":"<h3 style=\"text-align: center;\">Messe<\/h3>\n<p style=\"text-align: center;\">Tous les dimanches, \u00e0 9h, dans l\u2019\u00e9glise a lieu une messe dominicale dite en portugais.<\/p>\n<hr \/>\n<h3><\/h3>\n<h3 style=\"text-align: center;\">Cat\u00e9chisme<\/h3>\n<p style=\"text-align: center;\">Cat\u00e9chisme du CE1 au CM2 en portugais le dimanche matin de 10h15 \u00e0 11h15 au Centre Sainte \u00c9lisabeth. Inscriptions tous les dimanches apr\u00e8s la messe de 9h au secr\u00e9tariat<\/p>\n<p>&nbsp;<\/p>\n<p style=\"text-align: center;\">Pr\u00e9paration \u00e0 la Premi\u00e8re Communion et Sacrement du Pardon pour les enfants<\/p>\n<p style=\"text-align: center;\">Pr\u00e9paration \u00e0 la Profession de Foi pour les coll\u00e9giens<\/p>\n<p style=\"text-align: center;\">Pr\u00e9paration \u00e0 la confirmation pour les lyc\u00e9ens et coll\u00e9giens<\/p>\n<p>&nbsp;<\/p>\n<p style=\"text-align: center;\">Diner mensuel au CSE le <strong>samedi soir \u00e0 20h<\/strong> autour d&rsquo;une vid\u00e9o<\/p>\n<p>&nbsp;<\/p>\n<p style=\"text-align: center;\">Contact : <a href=\"mailto:comunidadeportugesaversailles@gmail.fr\">comunidadeportugesaversailles@gmail.fr<\/a>,\u00a0Maria do Carmo Fernandes, 06 84 06 88 13<\/p>\n<hr \/>\n<h3 style=\"text-align: center;\">Chorale<\/h3>\n<p style=\"text-align: center;\">La chorale de la communaut\u00e9 anime la messe plusieurs fois par mois. R\u00e9p\u00e9titions le dimanche matin apr\u00e8s la messe ou \u00e0 d\u2019autres moments suivant les \u00e9v\u00e8nements.\u00a0Contact : Maria do Carmo Fernandes, 06 84 06 88 13<\/p>\n<p>&nbsp;<\/p>\n<p>&nbsp;<\/p>\n<table>\n<tbody>\n<tr>\n<td><img loading=\"lazy\" decoding=\"async\" class=\"alignnone wp-image-761\" src=\"https:\/\/www.sainteelisabeth-versailles.com\/seh\/wp-content\/uploads\/2019\/02\/statues-344x1024.jpg\" alt=\"\" width=\"150\" height=\"446\" srcset=\"https:\/\/www.sainteelisabeth-versailles.com\/seh\/wp-content\/uploads\/2019\/02\/statues-344x1024.jpg 344w, https:\/\/www.sainteelisabeth-versailles.com\/seh\/wp-content\/uploads\/2019\/02\/statues-101x300.jpg 101w, https:\/\/www.sainteelisabeth-versailles.com\/seh\/wp-content\/uploads\/2019\/02\/statues.jpg 448w\" sizes=\"auto, (max-width: 150px) 100vw, 150px\" \/><\/td>\n<td>\n<h3>Notre-Dame de F<strong>\u00e1<\/strong>tima<\/h3>\n<p>&nbsp;<\/p>\n<p>Notre-Dame de F\u00e1tima est le nom sous lequel est invoqu\u00e9e la Vierge Marie<\/p>\n<p>telle qu&rsquo;elle est apparue \u00e0 trois enfants \u00e0 six reprises en 1917 \u00e0 F\u00e1tima,<\/p>\n<p>village du Portugal. L&rsquo;\u00c9glise catholique a reconnu ces apparitions en 1930<\/p>\n<p>et la f\u00eate de Notre-Dame de F\u00e1tima a \u00e9t\u00e9 fix\u00e9e par le Saint-Si\u00e8ge \u00e0 la date<\/p>\n<p>du 13 mai, jour anniversaire de la premi\u00e8re apparition.<\/p>\n<p>&nbsp;<\/p>\n<p>A l\u2019occasion du bicentenaire des apparitions de Notre Dame de F\u00e1tima, la<\/p>\n<p>communaut\u00e9 portugaise a d\u00e9pos\u00e9 dans l\u2019\u00e9glise Sainte \u00c9lisabeth une plaque<\/p>\n<p>comm\u00e9morative fabriqu\u00e9e sp\u00e9cifiquement pour cette occasion.<\/p>\n<p>&nbsp;<\/p>\n<p>Deux processions sont organis\u00e9es en l&rsquo;honneur de Notre Dame de F\u00e1tima.<\/p>\n<p>L&rsquo;une le 10 mai 2025, l&rsquo;autre le 11 octobre 2025 le samedi soir.<\/td>\n<\/tr>\n<\/tbody>\n<\/table>\n","protected":false},"excerpt":{"rendered":"<p>Messe Tous les dimanches, \u00e0 9h, dans l\u2019\u00e9glise a lieu une messe dominicale dite en portugais. Cat\u00e9chisme Cat\u00e9chisme du CE1 au CM2 en portugais le dimanche matin de 10h15 \u00e0 11h15 au Centre Sainte \u00c9lisabeth. Inscriptions tous les dimanches apr\u00e8s la messe de 9h au secr\u00e9tariat &nbsp; Pr\u00e9paration \u00e0 la Premi\u00e8re Communion et Sacrement du [&hellip;]<\/p>\n","protected":false},"author":6,"featured_media":0,"parent":843,"menu_order":20,"comment_status":"closed","ping_status":"closed","template":"page-type.php","meta":{"footnotes":""},"class_list":["post-907","page","type-page","status-publish","hentry"],"_links":{"self":[{"href":"https:\/\/www.sainteelisabeth-versailles.com\/seh\/wp-json\/wp\/v2\/pages\/907","targetHints":{"allow":["GET"]}}],"collection":[{"href":"https:\/\/www.sainteelisabeth-versailles.com\/seh\/wp-json\/wp\/v2\/pages"}],"about":[{"href":"https:\/\/www.sainteelisabeth-versailles.com\/seh\/wp-json\/wp\/v2\/types\/page"}],"author":[{"embeddable":true,"href":"https:\/\/www.sainteelisabeth-versailles.com\/seh\/wp-json\/wp\/v2\/users\/6"}],"replies":[{"embeddable":true,"href":"https:\/\/www.sainteelisabeth-versailles.com\/seh\/wp-json\/wp\/v2\/comments?post=907"}],"version-history":[{"count":19,"href":"https:\/\/www.sainteelisabeth-versailles.com\/seh\/wp-json\/wp\/v2\/pages\/907\/revisions"}],"predecessor-version":[{"id":6431,"href":"https:\/\/www.sainteelisabeth-versailles.com\/seh\/wp-json\/wp\/v2\/pages\/907\/revisions\/6431"}],"up":[{"embeddable":true,"href":"https:\/\/www.sainteelisabeth-versailles.com\/seh\/wp-json\/wp\/v2\/pages\/843"}],"wp:attachment":[{"href":"https:\/\/www.sainteelisabeth-versailles.com\/seh\/wp-json\/wp\/v2\/media?parent=907"}],"curies":[{"name":"wp","href":"https:\/\/api.w.org\/{rel}","templated":true}]}}