{"id":899,"date":"2019-05-19T21:31:09","date_gmt":"2019-05-19T19:31:09","guid":{"rendered":"http:\/\/www.sainteelisabeth-versailles.com\/seh\/?page_id=899"},"modified":"2025-01-22T11:58:03","modified_gmt":"2025-01-22T10:58:03","slug":"communautes-religieuses","status":"publish","type":"page","link":"https:\/\/www.sainteelisabeth-versailles.com\/seh\/presentation-de-la-paroisse\/communautes-religieuses\/","title":{"rendered":"Communaut\u00e9s religieuses"},"content":{"rendered":"<h3>Communaut\u00e9 des s\u0153urs du C\u00e9nacle<\/h3>\n<p>Dans un cadre de paix, de silence, des s\u0153urs de tous les \u00e2ges et de diff\u00e9rentes nationalit\u00e9s vous accueillent, passionn\u00e9es par un m\u00eame projet : faire conna\u00eetre et aimer J\u00e9sus Christ. Elles animent le centre spirituel du C\u00e9nacle de Versailles depuis cent cinquante ans. La Communaut\u00e9 vous accueille pour un temps de retraite spirituelle, pour des sessions th\u00e9matiques ou pour un accompagnement personnalis\u00e9 dans la spiritualit\u00e9 ignacienne.<\/p>\n<p>&nbsp;<\/p>\n<p>Contact\u2005: 68 avenue de Paris \/ <a href=\"mailto:cenacle.versaille@wanadoo.fr\">cenacle.versaille@wanadoo.fr<\/a> \/ 01\u200539\u200550\u200521\u200556 \/ <a href=\"http:\/\/www.ndcenacle.org\">www.ndcenacle.org<\/a><\/p>\n<hr \/>\n<p>&nbsp;<\/p>\n<h3>Diaconesses de Reuilly<\/h3>\n<p>La communaut\u00e9 des Diaconesses de Reuilly (religieuses protestantes) vous invite \u00e0 partager sa pri\u00e8re r\u00e9guli\u00e8re ou pour un temps de recueillement personnel, dans sa chapelle au 10, rue de la Porte de Buc.<\/p>\n<p>Adresse : 14, rue de la Porte de Buc, 78 000 Versailles \/ 01 39 07 30 29<\/p>\n","protected":false},"excerpt":{"rendered":"<p>Communaut\u00e9 des s\u0153urs du C\u00e9nacle Dans un cadre de paix, de silence, des s\u0153urs de tous les \u00e2ges et de diff\u00e9rentes nationalit\u00e9s vous accueillent, passionn\u00e9es par un m\u00eame projet : faire conna\u00eetre et aimer J\u00e9sus Christ. Elles animent le centre spirituel du C\u00e9nacle de Versailles depuis cent cinquante ans. La Communaut\u00e9 vous accueille pour un [&hellip;]<\/p>\n","protected":false},"author":6,"featured_media":0,"parent":843,"menu_order":0,"comment_status":"closed","ping_status":"closed","template":"page-type.php","meta":{"footnotes":""},"class_list":["post-899","page","type-page","status-publish","hentry"],"_links":{"self":[{"href":"https:\/\/www.sainteelisabeth-versailles.com\/seh\/wp-json\/wp\/v2\/pages\/899","targetHints":{"allow":["GET"]}}],"collection":[{"href":"https:\/\/www.sainteelisabeth-versailles.com\/seh\/wp-json\/wp\/v2\/pages"}],"about":[{"href":"https:\/\/www.sainteelisabeth-versailles.com\/seh\/wp-json\/wp\/v2\/types\/page"}],"author":[{"embeddable":true,"href":"https:\/\/www.sainteelisabeth-versailles.com\/seh\/wp-json\/wp\/v2\/users\/6"}],"replies":[{"embeddable":true,"href":"https:\/\/www.sainteelisabeth-versailles.com\/seh\/wp-json\/wp\/v2\/comments?post=899"}],"version-history":[{"count":9,"href":"https:\/\/www.sainteelisabeth-versailles.com\/seh\/wp-json\/wp\/v2\/pages\/899\/revisions"}],"predecessor-version":[{"id":6333,"href":"https:\/\/www.sainteelisabeth-versailles.com\/seh\/wp-json\/wp\/v2\/pages\/899\/revisions\/6333"}],"up":[{"embeddable":true,"href":"https:\/\/www.sainteelisabeth-versailles.com\/seh\/wp-json\/wp\/v2\/pages\/843"}],"wp:attachment":[{"href":"https:\/\/www.sainteelisabeth-versailles.com\/seh\/wp-json\/wp\/v2\/media?parent=899"}],"curies":[{"name":"wp","href":"https:\/\/api.w.org\/{rel}","templated":true}]}}