{"id":895,"date":"2019-05-19T21:29:51","date_gmt":"2019-05-19T19:29:51","guid":{"rendered":"http:\/\/www.sainteelisabeth-versailles.com\/seh\/?page_id=895"},"modified":"2025-03-24T11:17:50","modified_gmt":"2025-03-24T10:17:50","slug":"la-vie-materielle-de-la-paroisse","status":"publish","type":"page","link":"https:\/\/www.sainteelisabeth-versailles.com\/seh\/presentation-de-la-paroisse\/la-vie-materielle-de-la-paroisse\/","title":{"rendered":"La vie mat\u00e9rielle de la paroisse"},"content":{"rendered":"<h3>Conseil Paroissial des Affaires Economiques (CPAE)<\/h3>\n<p>Pr\u00e9sid\u00e9 par le cur\u00e9 de la paroisse, le CPAE a pour mission d\u2019assurer le suivi du budget et du fonctionnement mat\u00e9riel de la paroisse.<\/p>\n<p>Contact : <a href=\"mailto:cpae.ste-elisabeth@orange.fr\">cpae.ste-elisabeth@orange.fr<\/a><\/p>\n<p>&nbsp;<\/p>\n<ul>\n<li><strong>Les ressources de la paroisse : <\/strong>elles sont issues principalement des qu\u00eates, des offrandes pour les sacrements, de la vente des cierges et des produits des f\u00eates paroissiales.<\/li>\n<li><strong>Les d\u00e9penses de la paroisse : <\/strong>elles sont compos\u00e9es essentiellement des frais de fonctionnement (chauffage, \u00e9clairage, m\u00e9nage) et des frais de personnel (secr\u00e9tariat, m\u00e9nage, pr\u00eatres).<\/li>\n<\/ul>\n<p>&nbsp;<\/p>\n<hr \/>\n<h3>La qu\u00eate du dimanche<\/h3>\n<p>Elle est un geste liturgique qui permet aux fid\u00e8les d\u2019offrir le fruit de leur travail et d\u2019apporter une contribution r\u00e9guli\u00e8re au budget de fonctionnement de la paroisse. Les paroissiens participent aussi \u00e0 la <strong>vie mat\u00e9rielle du dioc\u00e8se<\/strong> (charges propres de l\u2019\u00e9v\u00each\u00e9, formations, personnel dioc\u00e9sain, publication\u2026).<\/p>\n<p>Les <strong>qu\u00eates imp\u00e9r\u00e9es<\/strong> suppl\u00e9mentaires ont pour objet le financement de besoins universels comme l\u2019\u00e9ducation chr\u00e9tienne, les s\u00e9minaires, les moyens de communication\u2026<\/p>\n<p>&nbsp;<\/p>\n<p><strong>Si vous souhaitez donner pour la qu\u00eate de la messe :<\/strong><\/p>\n<p>&nbsp;<\/p>\n<ul>\n<li>Des <strong>corbeilles connect\u00e9es<\/strong> circulent dans l\u2019\u00e9glise au moment de la qu\u00eate et viennent en compl\u00e9ment des paniers traditionnels. Vous pouvez ainsi faire une offrande directement et sans contact avec votre carte bancaire.<\/li>\n<\/ul>\n<p>&nbsp;<\/p>\n<ul>\n<li>Enfin il vous est toujours possible de faire un <strong>virement bancaire<\/strong>, les coordonn\u00e9es bancaires de la paroisse sont accessibles <a href=\"https:\/\/drive.google.com\/open?id=1-JHl1VUMeZgMIAeL4FtTCdEHtmgrutgy\">ici<\/a><\/li>\n<\/ul>\n<p>&nbsp;<\/p>\n<hr \/>\n<h3>Entretien de l\u2019\u00e9glise<\/h3>\n<p>Une \u00e9quipe intervient chaque samedi matin pour entretenir la propret\u00e9 de l\u2019\u00e9glise, de la chapelle du cur\u00e9 d\u2019Ars et la sacristie.<\/p>\n<p>Contact\u2005: Jean-Claude Barbet <a href=\"mailto:brigitte.barbet@cegetel.net\">brigitte.barbet@cegetel.net<\/a>\u00a0\/ 01\u200539\u200553\u200538\u200549<\/p>\n<p>&nbsp;<\/p>\n<hr \/>\n<h3>Denier de l&rsquo;\u00c9glise<\/h3>\n<p>Chaque ann\u00e9e, d\u00e8s le mois de f\u00e9vrier, commence la collecte du Denier de l\u2019\u00c9glise. Elle est destin\u00e9e \u00e0 recueillir les fonds qui permettent d\u2019assurer un traitement d\u00e9cent aux pr\u00eatres et de salarier des permanents en pastorale. Si vous \u00eates donateur, vous recevez une enveloppe de l\u2019\u00e9v\u00each\u00e9, sinon, elle est \u00e0 votre disposition au fond des \u00e9glises.<\/p>\n<p>Il est \u00e9galement possible d\u2019<a href=\"https:\/\/donner.catholique78.fr\/denier\">effectuer son don en ligne<\/a>.<\/p>\n<hr \/>\n<h3>Les Chantiers du Cardinal<strong><br \/>\n<\/strong><\/h3>\n<p>Nos \u00e9difices chr\u00e9tiens sont un signe visible de notre foi : c&rsquo;est en r\u00e9novant et en b\u00e2tissant des lieux d&rsquo;\u00e9glises que nous servons l&rsquo;avenir avec foi. \u00ab\u00a0Je n&rsquo;imagine pas la ville sans \u00e9glise, je donne\u00a0\u00bb. Vous pouvez faire un don en ligne \u00e0 partir de la <a href=\"https:\/\/www.chantiersducardinal.fr\/agir\/soutenir\/faire-un-don.html\">page suivante<\/a><\/p>\n","protected":false},"excerpt":{"rendered":"<p>Conseil Paroissial des Affaires Economiques (CPAE) Pr\u00e9sid\u00e9 par le cur\u00e9 de la paroisse, le CPAE a pour mission d\u2019assurer le suivi du budget et du fonctionnement mat\u00e9riel de la paroisse. Contact : cpae.ste-elisabeth@orange.fr &nbsp; Les ressources de la paroisse : elles sont issues principalement des qu\u00eates, des offrandes pour les sacrements, de la vente des [&hellip;]<\/p>\n","protected":false},"author":6,"featured_media":0,"parent":843,"menu_order":0,"comment_status":"closed","ping_status":"closed","template":"page-type.php","meta":{"footnotes":""},"class_list":["post-895","page","type-page","status-publish","hentry"],"_links":{"self":[{"href":"https:\/\/www.sainteelisabeth-versailles.com\/seh\/wp-json\/wp\/v2\/pages\/895","targetHints":{"allow":["GET"]}}],"collection":[{"href":"https:\/\/www.sainteelisabeth-versailles.com\/seh\/wp-json\/wp\/v2\/pages"}],"about":[{"href":"https:\/\/www.sainteelisabeth-versailles.com\/seh\/wp-json\/wp\/v2\/types\/page"}],"author":[{"embeddable":true,"href":"https:\/\/www.sainteelisabeth-versailles.com\/seh\/wp-json\/wp\/v2\/users\/6"}],"replies":[{"embeddable":true,"href":"https:\/\/www.sainteelisabeth-versailles.com\/seh\/wp-json\/wp\/v2\/comments?post=895"}],"version-history":[{"count":13,"href":"https:\/\/www.sainteelisabeth-versailles.com\/seh\/wp-json\/wp\/v2\/pages\/895\/revisions"}],"predecessor-version":[{"id":6432,"href":"https:\/\/www.sainteelisabeth-versailles.com\/seh\/wp-json\/wp\/v2\/pages\/895\/revisions\/6432"}],"up":[{"embeddable":true,"href":"https:\/\/www.sainteelisabeth-versailles.com\/seh\/wp-json\/wp\/v2\/pages\/843"}],"wp:attachment":[{"href":"https:\/\/www.sainteelisabeth-versailles.com\/seh\/wp-json\/wp\/v2\/media?parent=895"}],"curies":[{"name":"wp","href":"https:\/\/api.w.org\/{rel}","templated":true}]}}