{"id":893,"date":"2019-05-19T21:29:26","date_gmt":"2019-05-19T19:29:26","guid":{"rendered":"http:\/\/www.sainteelisabeth-versailles.com\/seh\/?page_id=893"},"modified":"2025-03-24T11:11:08","modified_gmt":"2025-03-24T10:11:08","slug":"coordonnees","status":"publish","type":"page","link":"https:\/\/www.sainteelisabeth-versailles.com\/seh\/presentation-de-la-paroisse\/coordonnees\/","title":{"rendered":"Coordonn\u00e9es &#8211; Horaires"},"content":{"rendered":"<h3 style=\"text-align: center;\">Coordonn\u00e9es<\/h3>\n<p>&nbsp;<\/p>\n<p style=\"text-align: center;\"><span data-contrast=\"auto\"><strong>\u00c9glise et sacristie<\/strong><\/span><\/p>\n<p style=\"text-align: center;\"><span data-contrast=\"auto\">25, rue des Chantiers 78000 Versailles<\/span><\/p>\n<p>&nbsp;<\/p>\n<p style=\"text-align: center;\"><span data-contrast=\"auto\"><strong>Secr\u00e9tariat<\/strong>\u00a0<strong>et Centre Sainte \u00c9lisabeth<\/strong><\/span><\/p>\n<p style=\"text-align: center;\"><span data-contrast=\"auto\">28 rue Jean Mermoz 78000 Versailles<\/span><\/p>\n<p style=\"text-align: center;\"><span data-contrast=\"auto\">01 39 50 40 77 &#8211;<\/span> <a href=\"mailto:secretariat@sainteelisabeth-versailles.com\"><span data-contrast=\"auto\">secretariat@sainteelisabeth-versailles.com<\/span><\/a><\/p>\n<p>&nbsp;<\/p>\n<p style=\"text-align: center;\"><strong>R\u00e9seaux sociaux<\/strong><\/p>\n<p style=\"text-align: center;\"><span data-contrast=\"auto\"><a href=\"http:\/\/facebook.com\/SainteElisabeth\">Page Facebook<\/a><\/span> \/ <a href=\"http:\/\/instagram.com\/steelisabethversailles78\/\"><span data-contrast=\"auto\">Instagram<\/span><\/a>\u00a0\/ <a href=\"https:\/\/www.youtube.com\/channel\/UCm3nS5bp-pPCvtXN9okwSxQ\">Youtube<\/a>\u00a0\/ <a href=\"https:\/\/sainteelisabeth-versailles.us1.list-manage.com\/track\/click?u=6f7e91e365fd2b8c74f8e61a8&amp;id=2c975e8e89&amp;e=6a00150114\">X (Twitter)<\/a><\/p>\n<p>&nbsp;<\/p>\n<p style=\"text-align: center;\"><span data-contrast=\"auto\"><strong>FAMILY PHONE<\/strong><\/span><\/p>\n<p style=\"text-align: center;\"><span data-contrast=\"auto\">Num\u00e9ro gratuit\u00a0 0\u00a0805 38 38 19<\/span><\/p>\n<p>&nbsp;<\/p>\n<p style=\"text-align: center;\"><strong>Entraide Sainte \u00c9lisabeth<\/strong><\/p>\n<p style=\"text-align: center;\"><a href=\"mailto:entraide.steelisabeth78@gmail.com\">entraide.steelisabeth78@gmail.com<\/a><\/p>\n<p style=\"text-align: center;\"><span data-contrast=\"auto\">\u00a0<\/span><span data-ccp-props=\"{&quot;201341983&quot;:0,&quot;335559739&quot;:160,&quot;335559740&quot;:259}\">\u00a0<\/span><\/p>\n<p style=\"text-align: center;\">Pour toute <strong>information sur la vie paroissiale<\/strong> et pour recevoir toutes les nouvelles de la paroisse, envoyez un mail \u00e0 <a href=\"mailto:secretariat@sainteelisabeth-versailles.com\"><span data-contrast=\"auto\">secretariat@sainteelisabeth-versailles.com<\/span><\/a><\/p>\n<p style=\"text-align: center;\"><span data-ogsc=\"rgb(0, 0, 0)\">Pour contacter le <strong>Conseil pastoral<\/strong> ou l\u2019<strong>\u00c9quipe d&rsquo;Animation Paroissiale<\/strong><\/span>, envoyez un mail \u00e0 <em><a title=\"mailto:secretariat@sainteelisabeth-versailles.com\" href=\"mailto:secretariat@sainteelisabeth-versailles.com\" data-linkindex=\"8\" data-ogsc=\"rgb(101, 101, 101)\">eapsainteelisabeth78@gmail.com<\/a><\/em><\/p>\n<p><span data-ccp-props=\"{&quot;201341983&quot;:0,&quot;335559739&quot;:160,&quot;335559740&quot;:259}\">\u00a0<\/span><\/p>\n<hr \/>\n<div dir=\"auto\">\n<h3 style=\"text-align: center;\">Horaires<\/h3>\n<\/div>\n<div dir=\"auto\">\n<div dir=\"auto\">\n<table>\n<tbody>\n<tr>\n<td><em><strong>Secr\u00e9tariat du Presbyt\u00e8re<\/strong><\/em><\/td>\n<td>Lundi \/ Mercredi \/ Vendredi: 8h-11h<\/p>\n<p><em>(ferm\u00e9 pendant les vacances scolaires)<\/em><\/td>\n<\/tr>\n<tr>\n<td><em><strong>Messes dominicales<\/strong><\/em><\/td>\n<td>Samedi: 18h30<\/p>\n<p>Dimanche: 9h (messe en portugais), 10h15, 11h30 et 18h30<\/td>\n<\/tr>\n<tr>\n<td><em><strong>Messes en semaine<\/strong><\/em><\/td>\n<td>Mardi: 19h15<\/p>\n<p>Mercredi: 7h15 et 19h15<\/p>\n<p>Jeudi \/ Vendredi: 9h<\/td>\n<\/tr>\n<tr>\n<td><em><strong>Adoration, \u00e0 l&rsquo;\u00e9glise<\/strong><\/em><\/td>\n<td>Vendredi: de 8h30 \u00e0 18h30 <em>(hors vacances scolaires)<\/em><\/p>\n<p>Dimanche: de 17h30 \u00e0 18h15<em> (hors Car\u00eame)<\/em><\/td>\n<\/tr>\n<tr>\n<td><em><strong>Confessions<\/strong><\/em><\/td>\n<td>Jeudi et vendredi: apr\u00e8s la messe de 9h<\/p>\n<p>Vendredi de 17h30 \u00e0 19h (pendant la permanence du P\u00e8re Coeroli)<\/p>\n<p>Samedi: 17h30-18h15<\/td>\n<\/tr>\n<tr>\n<td><em><strong>Rencontrer le P\u00e8re J-Y Coeroli<br \/>\n<\/strong><\/em><\/td>\n<td>Vendredi de 17h30 \u00e0 19h \u00e0 l\u2019\u00e9glise ou sur rendez-vous<\/td>\n<\/tr>\n<\/tbody>\n<\/table>\n<\/div>\n<\/div>\n","protected":false},"excerpt":{"rendered":"<p>Coordonn\u00e9es &nbsp; \u00c9glise et sacristie 25, rue des Chantiers 78000 Versailles &nbsp; Secr\u00e9tariat\u00a0et Centre Sainte \u00c9lisabeth 28 rue Jean Mermoz 78000 Versailles 01 39 50 40 77 &#8211; secretariat@sainteelisabeth-versailles.com &nbsp; R\u00e9seaux sociaux Page Facebook \/ Instagram\u00a0\/ Youtube\u00a0\/ X (Twitter) &nbsp; FAMILY PHONE Num\u00e9ro gratuit\u00a0 0\u00a0805 38 38 19 &nbsp; Entraide Sainte \u00c9lisabeth entraide.steelisabeth78@gmail.com \u00a0\u00a0 Pour [&hellip;]<\/p>\n","protected":false},"author":6,"featured_media":0,"parent":843,"menu_order":2,"comment_status":"closed","ping_status":"closed","template":"page-type.php","meta":{"footnotes":""},"class_list":["post-893","page","type-page","status-publish","hentry"],"_links":{"self":[{"href":"https:\/\/www.sainteelisabeth-versailles.com\/seh\/wp-json\/wp\/v2\/pages\/893","targetHints":{"allow":["GET"]}}],"collection":[{"href":"https:\/\/www.sainteelisabeth-versailles.com\/seh\/wp-json\/wp\/v2\/pages"}],"about":[{"href":"https:\/\/www.sainteelisabeth-versailles.com\/seh\/wp-json\/wp\/v2\/types\/page"}],"author":[{"embeddable":true,"href":"https:\/\/www.sainteelisabeth-versailles.com\/seh\/wp-json\/wp\/v2\/users\/6"}],"replies":[{"embeddable":true,"href":"https:\/\/www.sainteelisabeth-versailles.com\/seh\/wp-json\/wp\/v2\/comments?post=893"}],"version-history":[{"count":43,"href":"https:\/\/www.sainteelisabeth-versailles.com\/seh\/wp-json\/wp\/v2\/pages\/893\/revisions"}],"predecessor-version":[{"id":6430,"href":"https:\/\/www.sainteelisabeth-versailles.com\/seh\/wp-json\/wp\/v2\/pages\/893\/revisions\/6430"}],"up":[{"embeddable":true,"href":"https:\/\/www.sainteelisabeth-versailles.com\/seh\/wp-json\/wp\/v2\/pages\/843"}],"wp:attachment":[{"href":"https:\/\/www.sainteelisabeth-versailles.com\/seh\/wp-json\/wp\/v2\/media?parent=893"}],"curies":[{"name":"wp","href":"https:\/\/api.w.org\/{rel}","templated":true}]}}