{"id":891,"date":"2019-05-19T21:28:45","date_gmt":"2019-05-19T19:28:45","guid":{"rendered":"http:\/\/www.sainteelisabeth-versailles.com\/seh\/?page_id=891"},"modified":"2025-05-15T10:49:52","modified_gmt":"2025-05-15T08:49:52","slug":"lequipe-pastorale","status":"publish","type":"page","link":"https:\/\/www.sainteelisabeth-versailles.com\/seh\/presentation-de-la-paroisse\/lequipe-pastorale\/","title":{"rendered":"Pr\u00e9sentation de la paroisse"},"content":{"rendered":"<h3 style=\"text-align: center;\">L&rsquo;\u00e9quipe pastorale<\/h3>\n<p>&nbsp;<\/p>\n<p style=\"text-align: center;\"><strong>Cur\u00e9\u00a0<\/strong>: P\u00e8re Jean-Yves Coeroli<\/p>\n<p style=\"text-align: center;\"><strong>Pr\u00eatres intervenants :<\/strong> P\u00e8re Franck-Amour Moussolo, P\u00e8re Gr\u00e9goire Leroux<\/p>\n<hr \/>\n<h3><\/h3>\n<h3 style=\"text-align: center;\">Le conseil pastoral<\/h3>\n<p>&nbsp;<\/p>\n<p style=\"text-align: center;\">Le conseil pastoral a pour mission de <strong>favoriser l\u2019activit\u00e9 pastorale de la paroisse.<\/strong> Le cur\u00e9 en est le pr\u00e9sident, avec pouvoir de d\u00e9cision. Les membres du conseil collaborent avec lui pour le bien commun et la qualit\u00e9 missionnaire de la paroisse. Le conseil veille \u00e0 promouvoir l\u2019<strong>\u00e9vang\u00e9lisation de tous <\/strong>en \u00e9tant une force de proposition. Avec discernement, il s\u2019efforce d\u2019anticiper les \u00e9volutions de la paroisse \u00e0 moyen et long terme. Il pr\u00e9pare, avec le cur\u00e9, <strong>les d\u00e9cisions<\/strong> \u00e0 prendre pour la bonne marche de la paroisse et suit leur mise en \u0153uvre. Il est <strong>une instance d\u2019information, de communion, de coordination et d\u2019\u00e9valuation <\/strong>pour les groupes et activit\u00e9s qui interviennent dans la vie paroissiale.<\/p>\n<p>&nbsp;<\/p>\n<p style=\"text-align: center;\">Les membres du conseil pastoral 2024\/25 sont :<\/p>\n<p style=\"text-align: center;\"><img loading=\"lazy\" decoding=\"async\" class=\" wp-image-6544 alignnone\" src=\"https:\/\/www.sainteelisabeth-versailles.com\/seh\/wp-content\/uploads\/2025\/05\/2025-05-15-10_38_49-Trombi-Paroisse-PowerPoint.png\" alt=\"\" width=\"833\" height=\"469\" srcset=\"https:\/\/www.sainteelisabeth-versailles.com\/seh\/wp-content\/uploads\/2025\/05\/2025-05-15-10_38_49-Trombi-Paroisse-PowerPoint.png 1235w, https:\/\/www.sainteelisabeth-versailles.com\/seh\/wp-content\/uploads\/2025\/05\/2025-05-15-10_38_49-Trombi-Paroisse-PowerPoint-300x169.png 300w, https:\/\/www.sainteelisabeth-versailles.com\/seh\/wp-content\/uploads\/2025\/05\/2025-05-15-10_38_49-Trombi-Paroisse-PowerPoint-768x432.png 768w, https:\/\/www.sainteelisabeth-versailles.com\/seh\/wp-content\/uploads\/2025\/05\/2025-05-15-10_38_49-Trombi-Paroisse-PowerPoint-1024x576.png 1024w\" sizes=\"auto, (max-width: 833px) 100vw, 833px\" \/><\/p>\n<p>&nbsp;<\/p>\n<hr \/>\n<h3 style=\"text-align: center;\">L&rsquo;\u00e9quipe d&rsquo;animation paroissiale (EAP)<\/h3>\n<p>&nbsp;<\/p>\n<p style=\"text-align: center;\">Les trois objectifs de la mission de l\u2019EAP sont :<\/p>\n<p>&nbsp;<\/p>\n<p style=\"text-align: center;\"><em>Veiller \u00e0 la communion, l\u2019unit\u00e9 de la communaut\u00e9, l\u2019unit\u00e9 de la Foi<\/em><\/p>\n<p style=\"text-align: center;\"><em>\u00catre attentif \u00e0 ce que la communaut\u00e9 soit missionnaire (t\u00e9moin de la Foi) <\/em><\/p>\n<p style=\"text-align: center;\"><em>Discerner et r\u00e9pondre aux besoins identifi\u00e9s par le conseil pastoral<\/em><\/p>\n<p>&nbsp;<\/p>\n<p style=\"text-align: center;\">Les membres de l\u2019\u00e9quipe en 2024\/25 sont :<\/p>\n<p style=\"text-align: center;\"><img loading=\"lazy\" decoding=\"async\" class=\" wp-image-6545 alignnone\" src=\"https:\/\/www.sainteelisabeth-versailles.com\/seh\/wp-content\/uploads\/2025\/05\/2025-05-15-10_39_17-Trombi-Paroisse-PowerPoint.png\" alt=\"\" width=\"864\" height=\"486\" srcset=\"https:\/\/www.sainteelisabeth-versailles.com\/seh\/wp-content\/uploads\/2025\/05\/2025-05-15-10_39_17-Trombi-Paroisse-PowerPoint.png 1236w, https:\/\/www.sainteelisabeth-versailles.com\/seh\/wp-content\/uploads\/2025\/05\/2025-05-15-10_39_17-Trombi-Paroisse-PowerPoint-300x169.png 300w, https:\/\/www.sainteelisabeth-versailles.com\/seh\/wp-content\/uploads\/2025\/05\/2025-05-15-10_39_17-Trombi-Paroisse-PowerPoint-768x432.png 768w, https:\/\/www.sainteelisabeth-versailles.com\/seh\/wp-content\/uploads\/2025\/05\/2025-05-15-10_39_17-Trombi-Paroisse-PowerPoint-1024x576.png 1024w\" sizes=\"auto, (max-width: 864px) 100vw, 864px\" \/><\/p>\n<p style=\"text-align: center;\">Vous pouvez contacter l&rsquo;\u00e9quipe \u00e0 l&rsquo;adresse suivante: <a href=\"mailto:eapsainteelisabeth@gmail.com\">eapsainteelisabeth@gmail.com<\/a>.<\/p>\n<p>&nbsp;<\/p>\n<p style=\"text-align: center;\">\n","protected":false},"excerpt":{"rendered":"<p>L&rsquo;\u00e9quipe pastorale &nbsp; Cur\u00e9\u00a0: P\u00e8re Jean-Yves Coeroli Pr\u00eatres intervenants : P\u00e8re Franck-Amour Moussolo, P\u00e8re Gr\u00e9goire Leroux Le conseil pastoral &nbsp; Le conseil pastoral a pour mission de favoriser l\u2019activit\u00e9 pastorale de la paroisse. Le cur\u00e9 en est le pr\u00e9sident, avec pouvoir de d\u00e9cision. Les membres du conseil collaborent avec lui pour le bien commun et [&hellip;]<\/p>\n","protected":false},"author":6,"featured_media":0,"parent":843,"menu_order":0,"comment_status":"closed","ping_status":"closed","template":"page-type.php","meta":{"footnotes":""},"class_list":["post-891","page","type-page","status-publish","hentry"],"_links":{"self":[{"href":"https:\/\/www.sainteelisabeth-versailles.com\/seh\/wp-json\/wp\/v2\/pages\/891","targetHints":{"allow":["GET"]}}],"collection":[{"href":"https:\/\/www.sainteelisabeth-versailles.com\/seh\/wp-json\/wp\/v2\/pages"}],"about":[{"href":"https:\/\/www.sainteelisabeth-versailles.com\/seh\/wp-json\/wp\/v2\/types\/page"}],"author":[{"embeddable":true,"href":"https:\/\/www.sainteelisabeth-versailles.com\/seh\/wp-json\/wp\/v2\/users\/6"}],"replies":[{"embeddable":true,"href":"https:\/\/www.sainteelisabeth-versailles.com\/seh\/wp-json\/wp\/v2\/comments?post=891"}],"version-history":[{"count":57,"href":"https:\/\/www.sainteelisabeth-versailles.com\/seh\/wp-json\/wp\/v2\/pages\/891\/revisions"}],"predecessor-version":[{"id":6566,"href":"https:\/\/www.sainteelisabeth-versailles.com\/seh\/wp-json\/wp\/v2\/pages\/891\/revisions\/6566"}],"up":[{"embeddable":true,"href":"https:\/\/www.sainteelisabeth-versailles.com\/seh\/wp-json\/wp\/v2\/pages\/843"}],"wp:attachment":[{"href":"https:\/\/www.sainteelisabeth-versailles.com\/seh\/wp-json\/wp\/v2\/media?parent=891"}],"curies":[{"name":"wp","href":"https:\/\/api.w.org\/{rel}","templated":true}]}}