{"id":1200,"date":"2019-09-18T22:55:51","date_gmt":"2019-09-18T20:55:51","guid":{"rendered":"http:\/\/www.sainteelisabeth-versailles.com\/seh\/?page_id=1200"},"modified":"2025-04-18T14:43:23","modified_gmt":"2025-04-18T12:43:23","slug":"les-obseques","status":"publish","type":"page","link":"https:\/\/www.sainteelisabeth-versailles.com\/seh\/vie-chretienne-et-sacrements\/les-obseques\/","title":{"rendered":"Les obs\u00e8ques"},"content":{"rendered":"<p style=\"text-align: center;\"><strong><em>Le sens de la c\u00e9r\u00e9monie religieuse \u00e0 l\u2019\u00e9glise<\/em><\/strong><\/p>\n<p>&nbsp;<\/p>\n<p>Lorsqu\u2019un baptis\u00e9 meurt, ses proches se retrouvent dans la douleur de la s\u00e9paration et la mort semble avoir le dernier mot. Mais notre foi chr\u00e9tienne est fond\u00e9e sur la r\u00e9surrection du Christ, qui est la victoire de l\u2019humanit\u00e9 sur la mort\u00a0; cette victoire est promise par le Seigneur J\u00e9sus \u00e0 tous ceux qui auront, d\u2019une fa\u00e7on ou d\u2019une autre, v\u00e9cu l\u2019amour dont il nous a donn\u00e9 l\u2019exemple.<\/p>\n<p>&nbsp;<\/p>\n<p>L\u2019\u00c9glise prie pour le pardon des p\u00e9ch\u00e9s du d\u00e9funt, afin qu\u2019il puisse h\u00e9riter de la vie \u00e9ternelle. La communaut\u00e9 chr\u00e9tienne entoure la famille et les amis en deuil\u00a0; elle prie pour eux, afin de soutenir leur esp\u00e9rance.<\/p>\n<p>&nbsp;<\/p>\n<p style=\"text-align: center;\"><strong><em>\u00c0 propos de la c\u00e9r\u00e9monie et de l\u2019inhumation<\/em><\/strong><\/p>\n<p>&nbsp;<\/p>\n<p>La c\u00e9r\u00e9monie n\u2019est pas le lieu des \u00ab\u00a0hommages\u00a0\u00bb au d\u00e9funt, m\u00eame si l\u2019on peut tol\u00e9rer une ou deux br\u00e8ves prises de parole de proches au d\u00e9but des obs\u00e8ques. Le temps \u00e0 l\u2019\u00e9glise est un temps de pri\u00e8re et d\u2019\u00e9coute de la Parole de Dieu qui soutient l\u2019esp\u00e9rance et qui r\u00e9conforte.<\/p>\n<p>&nbsp;<\/p>\n<p>Dans des cas exceptionnels, en Corse comme ailleurs, des la\u00efcs d\u00fbment form\u00e9s et recevant mission de l\u2019\u00c9glise sont habilit\u00e9s \u00e0 animer une c\u00e9r\u00e9monie d\u2019obs\u00e8ques\u00a0; c\u2019est pr\u00e9vu par le droit eccl\u00e9siastique.<\/p>\n<p>&nbsp;<\/p>\n<p>Ordinairement, ce sont des la\u00efcs qui assurent, de plus en plus, une pri\u00e8re au cimeti\u00e8re au moment de l\u2019inhumation du d\u00e9funt.<\/p>\n<p>&nbsp;<\/p>\n<p style=\"text-align: center;\">Prendre contact aupr\u00e8s d\u2019une entreprise des Pompes fun\u00e8bres ou du <a href=\"https:\/\/s-c-f.org\/le-scf\/nos-equipes\/nos-agences-en-france\/versailles\">Service Catholique des Fun\u00e9railles<\/a> (01\u200539\u200520\u200514\u200583) pour fixer la date de la c\u00e9l\u00e9bration en accord avec la paroisse.<\/p>\n<p>&nbsp;<\/p>\n<p style=\"text-align: center;\">Contact : <span data-contrast=\"auto\">01 39 50 40 77 \/<\/span> <a href=\"mailto:secretariat@sainteelisabeth-versailles.com\"><span data-contrast=\"auto\">secretariat@sainteelisabeth-versailles.com<\/span><\/a><\/p>\n","protected":false},"excerpt":{"rendered":"<p>Le sens de la c\u00e9r\u00e9monie religieuse \u00e0 l\u2019\u00e9glise &nbsp; Lorsqu\u2019un baptis\u00e9 meurt, ses proches se retrouvent dans la douleur de la s\u00e9paration et la mort semble avoir le dernier mot. Mais notre foi chr\u00e9tienne est fond\u00e9e sur la r\u00e9surrection du Christ, qui est la victoire de l\u2019humanit\u00e9 sur la mort\u00a0; cette victoire est promise par [&hellip;]<\/p>\n","protected":false},"author":6,"featured_media":0,"parent":1182,"menu_order":7,"comment_status":"closed","ping_status":"closed","template":"page-type.php","meta":{"footnotes":""},"class_list":["post-1200","page","type-page","status-publish","hentry"],"_links":{"self":[{"href":"https:\/\/www.sainteelisabeth-versailles.com\/seh\/wp-json\/wp\/v2\/pages\/1200","targetHints":{"allow":["GET"]}}],"collection":[{"href":"https:\/\/www.sainteelisabeth-versailles.com\/seh\/wp-json\/wp\/v2\/pages"}],"about":[{"href":"https:\/\/www.sainteelisabeth-versailles.com\/seh\/wp-json\/wp\/v2\/types\/page"}],"author":[{"embeddable":true,"href":"https:\/\/www.sainteelisabeth-versailles.com\/seh\/wp-json\/wp\/v2\/users\/6"}],"replies":[{"embeddable":true,"href":"https:\/\/www.sainteelisabeth-versailles.com\/seh\/wp-json\/wp\/v2\/comments?post=1200"}],"version-history":[{"count":9,"href":"https:\/\/www.sainteelisabeth-versailles.com\/seh\/wp-json\/wp\/v2\/pages\/1200\/revisions"}],"predecessor-version":[{"id":6537,"href":"https:\/\/www.sainteelisabeth-versailles.com\/seh\/wp-json\/wp\/v2\/pages\/1200\/revisions\/6537"}],"up":[{"embeddable":true,"href":"https:\/\/www.sainteelisabeth-versailles.com\/seh\/wp-json\/wp\/v2\/pages\/1182"}],"wp:attachment":[{"href":"https:\/\/www.sainteelisabeth-versailles.com\/seh\/wp-json\/wp\/v2\/media?parent=1200"}],"curies":[{"name":"wp","href":"https:\/\/api.w.org\/{rel}","templated":true}]}}