{"id":1198,"date":"2019-09-18T22:55:14","date_gmt":"2019-09-18T20:55:14","guid":{"rendered":"http:\/\/www.sainteelisabeth-versailles.com\/seh\/?page_id=1198"},"modified":"2025-04-18T14:42:27","modified_gmt":"2025-04-18T12:42:27","slug":"lonction-des-malades","status":"publish","type":"page","link":"https:\/\/www.sainteelisabeth-versailles.com\/seh\/vie-chretienne-et-sacrements\/lonction-des-malades\/","title":{"rendered":"L\u2019onction des malades"},"content":{"rendered":"<p style=\"text-align: center;\"><strong><em>Qui peut recevoir ce sacrement ?<\/em><\/strong><\/p>\n<p>&nbsp;<\/p>\n<p>Ce sacrement s\u2019appelle aussi \u00ab\u00a0onction des malades\u00a0\u00bb.<\/p>\n<p>&nbsp;<\/p>\n<p>Il est destin\u00e9 \u00e0 toute personne baptis\u00e9e, quand la maladie ou la vieillesse la met en\u00a0<em>danger<\/em>, c\u2019est-\u00e0-dire\u00a0:<\/p>\n<p>&nbsp;<\/p>\n<p>\u2013 lorsque cette personne risque de perdre la vie, de voir son autonomie physique et\/ou sa raison mentale diminuer ou dispara\u00eetre\u00a0;<\/p>\n<p>&nbsp;<\/p>\n<p>\u2013 lorsque cette personne risque, \u00e0 cause de sa souffrance, de perdre la foi ou l\u2019esp\u00e9rance, de perdre la capacit\u00e9 de pouvoir entrer en relation avec les autres.<\/p>\n<p>&nbsp;<\/p>\n<p>Bien s\u00fbr, il faut croire en J\u00e9sus et en la puissance de son Esprit Saint pour recevoir ce sacrement\u00a0!<\/p>\n<p>&nbsp;<\/p>\n<p>&nbsp;<\/p>\n<p style=\"text-align: center;\"><strong><em>Par qui et comment est donn\u00e9 ce sacrement\u00a0? Quel est son effet ?<\/em><\/strong><\/p>\n<p>&nbsp;<\/p>\n<p>Tout pr\u00eatre, et seulement un pr\u00eatre peut donner ce sacrement.<\/p>\n<p>&nbsp;<\/p>\n<p>Le pr\u00eatre pose les mains sur la t\u00eate de la personne concern\u00e9e en silence, en invoquant l\u2019Esprit Saint. Puis il marque le front et les mains de cette personne d\u2019une huile sainte b\u00e9nite par l\u2019\u00e9v\u00eaque en disant les paroles\u00a0suivantes au nom du Christ\u00a0:<\/p>\n<p>&nbsp;<\/p>\n<p><em>\u00ab\u00a0(pr\u00e9nom de la personne), par cette onction sainte, que le Seigneur, en sa grande bont\u00e9, vous r\u00e9conforte par la gr\u00e2ce de l\u2019Esprit Saint. Ainsi, vous ayant lib\u00e9r\u00e9 de tous p\u00e9ch\u00e9s, qu\u2019il vous sauve et vous rel\u00e8ve.\u00a0\u00bb<\/em><\/p>\n<p>&nbsp;<\/p>\n<p>Le sacrement donne \u00e0 la personne le pardon de ses p\u00e9ch\u00e9s, paix et r\u00e9confort\u00a0; le sacrement l\u2019affermit dans sa vie chr\u00e9tienne en soutenant sa foi, son esp\u00e9rance et en stimulant sa capacit\u00e9 d\u2019aimer.<\/p>\n<p>&nbsp;<\/p>\n<p>Ce sacrement est don de vie, pour le temps pr\u00e9sent et pour au-del\u00e0 de la mort.<\/p>\n<p>&nbsp;<\/p>\n<p>&nbsp;<\/p>\n<p style=\"text-align: center;\">Contact\u2005: <a href=\"mailto:secretariat@sainteelisabeth-versailles.com\">secretariat@sainteelisabeth-versailles.com<\/a> \/ 01 39 50 40 77 ou <a href=\"mailto:entraide.steelisabeth78@gmail.com\">entraide.steelisabeth78@gmail.com<\/a><\/p>\n","protected":false},"excerpt":{"rendered":"<p>Qui peut recevoir ce sacrement ? &nbsp; Ce sacrement s\u2019appelle aussi \u00ab\u00a0onction des malades\u00a0\u00bb. &nbsp; Il est destin\u00e9 \u00e0 toute personne baptis\u00e9e, quand la maladie ou la vieillesse la met en\u00a0danger, c\u2019est-\u00e0-dire\u00a0: &nbsp; \u2013 lorsque cette personne risque de perdre la vie, de voir son autonomie physique et\/ou sa raison mentale diminuer ou dispara\u00eetre\u00a0; &nbsp; [&hellip;]<\/p>\n","protected":false},"author":6,"featured_media":0,"parent":1182,"menu_order":6,"comment_status":"closed","ping_status":"closed","template":"page-type.php","meta":{"footnotes":""},"class_list":["post-1198","page","type-page","status-publish","hentry"],"_links":{"self":[{"href":"https:\/\/www.sainteelisabeth-versailles.com\/seh\/wp-json\/wp\/v2\/pages\/1198","targetHints":{"allow":["GET"]}}],"collection":[{"href":"https:\/\/www.sainteelisabeth-versailles.com\/seh\/wp-json\/wp\/v2\/pages"}],"about":[{"href":"https:\/\/www.sainteelisabeth-versailles.com\/seh\/wp-json\/wp\/v2\/types\/page"}],"author":[{"embeddable":true,"href":"https:\/\/www.sainteelisabeth-versailles.com\/seh\/wp-json\/wp\/v2\/users\/6"}],"replies":[{"embeddable":true,"href":"https:\/\/www.sainteelisabeth-versailles.com\/seh\/wp-json\/wp\/v2\/comments?post=1198"}],"version-history":[{"count":8,"href":"https:\/\/www.sainteelisabeth-versailles.com\/seh\/wp-json\/wp\/v2\/pages\/1198\/revisions"}],"predecessor-version":[{"id":6536,"href":"https:\/\/www.sainteelisabeth-versailles.com\/seh\/wp-json\/wp\/v2\/pages\/1198\/revisions\/6536"}],"up":[{"embeddable":true,"href":"https:\/\/www.sainteelisabeth-versailles.com\/seh\/wp-json\/wp\/v2\/pages\/1182"}],"wp:attachment":[{"href":"https:\/\/www.sainteelisabeth-versailles.com\/seh\/wp-json\/wp\/v2\/media?parent=1198"}],"curies":[{"name":"wp","href":"https:\/\/api.w.org\/{rel}","templated":true}]}}