{"id":1196,"date":"2019-09-18T22:54:19","date_gmt":"2019-09-18T20:54:19","guid":{"rendered":"http:\/\/www.sainteelisabeth-versailles.com\/seh\/?page_id=1196"},"modified":"2025-04-18T14:40:17","modified_gmt":"2025-04-18T12:40:17","slug":"la-reconciliation-sacrement-de-confession","status":"publish","type":"page","link":"https:\/\/www.sainteelisabeth-versailles.com\/seh\/vie-chretienne-et-sacrements\/la-reconciliation-sacrement-de-confession\/","title":{"rendered":"La confession (sacrement de r\u00e9conciliation)"},"content":{"rendered":"<p>&nbsp;<\/p>\n<div style=\"text-align: center;\"><img decoding=\"async\" class=\"alignnone size-full wp-image-4585\" src=\"https:\/\/www.sainteelisabeth-versailles.com\/seh\/wp-content\/uploads\/2022\/03\/confession.jpg\" alt=\"\" width=\"50%\" srcset=\"https:\/\/www.sainteelisabeth-versailles.com\/seh\/wp-content\/uploads\/2022\/03\/confession.jpg 1000w, https:\/\/www.sainteelisabeth-versailles.com\/seh\/wp-content\/uploads\/2022\/03\/confession-300x200.jpg 300w, https:\/\/www.sainteelisabeth-versailles.com\/seh\/wp-content\/uploads\/2022\/03\/confession-768x511.jpg 768w\" sizes=\"(max-width: 1000px) 100vw, 1000px\" \/><\/div>\n<div><\/div>\n<div class=\"vc_row wpb_row vc_row-fluid\">\n<div class=\"wpb_column vc_column_container vc_col-sm-6\">\n<div class=\"vc_column-inner\">\n<div class=\"wpb_wrapper\">\n<div class=\"vc_separator wpb_content_element vc_separator_align_center vc_sep_width_100 vc_sep_shadow vc_sep_border_width_8 vc_sep_pos_align_center vc_separator_no_text vc_sep_color_sky wpb_content_element wpb_content_element\" style=\"text-align: center;\">\u00a0<strong><em>Qui peut recevoir ce sacrement ?<\/em><\/strong><\/div>\n<div><\/div>\n<\/div>\n<\/div>\n<\/div>\n<\/div>\n<div class=\"vc_row wpb_row vc_row-fluid\" style=\"text-align: center;\">\n<div class=\"wpb_column vc_column_container vc_col-sm-6\">\n<div class=\"vc_column-inner\">\n<div class=\"wpb_wrapper\">\n<div class=\"wpb_text_column wpb_content_element\">\n<div class=\"wpb_wrapper\">\n<p style=\"text-align: left;\">Le nom officiel de la confession est \u00ab\u00a0sacrement de p\u00e9nitence ou de r\u00e9conciliation\u00a0\u00bb.<\/p>\n<p>&nbsp;<\/p>\n<p style=\"text-align: left;\">Toute personne baptis\u00e9e consciente d\u2019avoir commis un p\u00e9ch\u00e9 grave est appel\u00e9e \u00e0 recevoir ce sacrement, afin d\u2019\u00eatre r\u00e9concili\u00e9e avec Dieu, avec l\u2019\u00c9glise et avec elle-m\u00eame\u2026 et si possible avec les personnes bless\u00e9es par ce p\u00e9ch\u00e9.<\/p>\n<p>&nbsp;<\/p>\n<p style=\"text-align: left;\">Qu\u2019est-ce qu\u2019un p\u00e9ch\u00e9 grave\u00a0?<\/p>\n<p>&nbsp;<\/p>\n<p style=\"text-align: left;\">Il s\u2019agit d\u2019un acte ou d\u2019un refus d\u2019agir pos\u00e9 en toute libert\u00e9, en pleine conscience des cons\u00e9quences de cette d\u00e9cision, ayant un effet\u00a0:<\/p>\n<p style=\"text-align: left;\">\u2013 qui blesse gravement la relation avec Dieu\u00a0;<\/p>\n<p style=\"text-align: left;\">\u2013 qui menace, blesse ou d\u00e9truit les biens, l\u2019\u00e9quilibre ou la personne d\u2019autrui et\/ou de soi.<\/p>\n<p>&nbsp;<\/p>\n<p style=\"text-align: left;\">Cependant, m\u00eame sans avoir commis de p\u00e9ch\u00e9 grave, tout baptis\u00e9 est encourag\u00e9 \u00e0 confesser ses p\u00e9ch\u00e9s de fa\u00e7on r\u00e9guli\u00e8re.<\/p>\n<p>&nbsp;<\/p>\n<p style=\"text-align: left;\">Bien s\u00fbr, il faut croire en J\u00e9sus et en la puissance de son Esprit Saint pour recevoir ce sacrement\u00a0!<\/p>\n<p>&nbsp;<\/p>\n<\/div>\n<\/div>\n<p>&nbsp;<\/p>\n<div class=\"wpb_text_column wpb_content_element\">\n<div class=\"wpb_wrapper\">\n<p><em><strong>Par qui et comment est donn\u00e9 ce sacrement\u00a0? Quel est son effet ?<\/strong><\/em><\/p>\n<p>&nbsp;<\/p>\n<p style=\"text-align: left;\">Tout pr\u00eatre, et seulement un pr\u00eatre peut donner ce sacrement. Apr\u00e8s l\u2019aveu par la personne de ses p\u00e9ch\u00e9s, le pr\u00eatre lui adresse des paroles de r\u00e9confort et d\u2019encouragement, des conseils pour sa vie chr\u00e9tienne et lui propose de poser des actes manifestant sa volont\u00e9 de vivre de fa\u00e7on plus fid\u00e8le au Christ.<\/p>\n<p>&nbsp;<\/p>\n<p style=\"text-align: left;\">Le pr\u00eatre dit les paroles\u00a0suivantes et, \u00e0 la fin\u00a0de cette formule, trace en face de la personne le signe de la croix :<\/p>\n<p>&nbsp;<\/p>\n<p style=\"text-align: left;\"><em>\u00ab\u00a0(pr\u00e9nom de la personne), que Dieu notre P\u00e8re vous montre sa mis\u00e9ricorde. Par la mort et la r\u00e9surrection de son Fils, il a r\u00e9concili\u00e9 le monde avec lui et il a envoy\u00e9 l\u2019Esprit Saint pour la r\u00e9mission des p\u00e9ch\u00e9s. Par le minist\u00e8re de l\u2019\u00c9glise, qu\u2019il vous donne le pardon et la paix. Et moi, au nom du P\u00e8re et du Fils et du Saint-Esprit, je vous pardonne tous vos p\u00e9ch\u00e9s. \u00bb<\/em><\/p>\n<p>&nbsp;<\/p>\n<p style=\"text-align: left;\">Le sacrement a pour effet d\u2019accorder \u00e0 la personne le pardon de ses p\u00e9ch\u00e9s, de lui donner paix, r\u00e9confort et de l\u2019affermir dans sa vie chr\u00e9tienne, en la r\u00e9conciliant avec Dieu, avec l\u2019\u00c9glise que son p\u00e9ch\u00e9 avait bless\u00e9e\u2026 et avec elle-m\u00eame\u00a0!<\/p>\n<\/div>\n<\/div>\n<\/div>\n<\/div>\n<\/div>\n<\/div>\n<p style=\"text-align: center;\"><strong>Horaires<\/strong><\/p>\n<p>&nbsp;<\/p>\n<p style=\"text-align: center;\">Retrouvez les horaires de confessions sur la <a href=\"https:\/\/www.sainteelisabeth-versailles.com\/seh\/presentation-de-la-paroisse\/coordonnees\/\">page d\u00e9di\u00e9e<\/a><\/p>\n","protected":false},"excerpt":{"rendered":"<p>&nbsp; \u00a0Qui peut recevoir ce sacrement ? Le nom officiel de la confession est \u00ab\u00a0sacrement de p\u00e9nitence ou de r\u00e9conciliation\u00a0\u00bb. &nbsp; Toute personne baptis\u00e9e consciente d\u2019avoir commis un p\u00e9ch\u00e9 grave est appel\u00e9e \u00e0 recevoir ce sacrement, afin d\u2019\u00eatre r\u00e9concili\u00e9e avec Dieu, avec l\u2019\u00c9glise et avec elle-m\u00eame\u2026 et si possible avec les personnes bless\u00e9es par ce [&hellip;]<\/p>\n","protected":false},"author":6,"featured_media":0,"parent":1182,"menu_order":5,"comment_status":"closed","ping_status":"closed","template":"page-type.php","meta":{"footnotes":""},"class_list":["post-1196","page","type-page","status-publish","hentry"],"_links":{"self":[{"href":"https:\/\/www.sainteelisabeth-versailles.com\/seh\/wp-json\/wp\/v2\/pages\/1196","targetHints":{"allow":["GET"]}}],"collection":[{"href":"https:\/\/www.sainteelisabeth-versailles.com\/seh\/wp-json\/wp\/v2\/pages"}],"about":[{"href":"https:\/\/www.sainteelisabeth-versailles.com\/seh\/wp-json\/wp\/v2\/types\/page"}],"author":[{"embeddable":true,"href":"https:\/\/www.sainteelisabeth-versailles.com\/seh\/wp-json\/wp\/v2\/users\/6"}],"replies":[{"embeddable":true,"href":"https:\/\/www.sainteelisabeth-versailles.com\/seh\/wp-json\/wp\/v2\/comments?post=1196"}],"version-history":[{"count":17,"href":"https:\/\/www.sainteelisabeth-versailles.com\/seh\/wp-json\/wp\/v2\/pages\/1196\/revisions"}],"predecessor-version":[{"id":6532,"href":"https:\/\/www.sainteelisabeth-versailles.com\/seh\/wp-json\/wp\/v2\/pages\/1196\/revisions\/6532"}],"up":[{"embeddable":true,"href":"https:\/\/www.sainteelisabeth-versailles.com\/seh\/wp-json\/wp\/v2\/pages\/1182"}],"wp:attachment":[{"href":"https:\/\/www.sainteelisabeth-versailles.com\/seh\/wp-json\/wp\/v2\/media?parent=1196"}],"curies":[{"name":"wp","href":"https:\/\/api.w.org\/{rel}","templated":true}]}}