{"id":1194,"date":"2019-09-18T22:53:54","date_gmt":"2019-09-18T20:53:54","guid":{"rendered":"http:\/\/www.sainteelisabeth-versailles.com\/seh\/?page_id=1194"},"modified":"2025-04-18T14:34:28","modified_gmt":"2025-04-18T12:34:28","slug":"le-mariage","status":"publish","type":"page","link":"https:\/\/www.sainteelisabeth-versailles.com\/seh\/vie-chretienne-et-sacrements\/le-mariage\/","title":{"rendered":"Le mariage"},"content":{"rendered":"<p style=\"text-align: center;\"><strong><em>Vous voulez vous marier \u00e0 l\u2019\u00e9glise. Avez-vous r\u00e9fl\u00e9chi ?<\/em><\/strong><\/p>\n<p>&nbsp;<\/p>\n<p style=\"text-align: center;\">Le mariage est une institution fort ancienne\u00a0; elle scelle l\u2019engagement d\u2019un homme et d\u2019une femme qui d\u00e9cident de former ensemble une communaut\u00e9 de toute la vie, pour leur bien \u00e0 eux deux et pour le bien de leurs enfants, qu\u2019ils accueilleront et \u00e9duqueront.<\/p>\n<p>&nbsp;<\/p>\n<p style=\"text-align: center;\">Le mariage \u00e0 l\u2019\u00e9glise ajoute une dimension spirituelle essentielle \u00e0 cet engagement. En effet, les \u00e9poux baptis\u00e9s re\u00e7oivent de J\u00e9sus Christ et de l\u2019\u00c9glise une mission\u00a0: celle d\u2019\u00eatre par leur vie de couple et de famille des r\u00e9v\u00e9lateurs de l\u2019amour et de la fid\u00e9lit\u00e9 de Dieu\u00a0! J\u00e9sus s\u2019est donn\u00e9 par amour pour les \u00eatres humains\u00a0jusqu\u2019\u00e0 mourir sur une croix ; en retour, l\u2019\u00c9glise, depuis pr\u00e8s de 2000 ans, garde fid\u00e8lement son amour pour le Christ. Le mariage \u00e0 l\u2019\u00e9glise est appel\u00e9 \u00e0 refl\u00e9ter cet amour ; c\u2019est la raison pour laquelle il est consid\u00e9r\u00e9 comme un \u00ab\u00a0sacrement\u00a0\u00bb.<\/p>\n<p>&nbsp;<\/p>\n<p style=\"text-align: center;\">Cela explique pourquoi, \u00e0 l\u2019\u00e9glise, les \u00e9poux s\u2019engagent \u00e0 rester fid\u00e8les \u00e0 leur conjoint jusqu\u2019\u00e0 la mort de l\u2019un d\u2019eux et acceptent la perspective d\u2019avoir des enfants.<\/p>\n<p>&nbsp;<\/p>\n<p style=\"text-align: center;\">Evidemment, on peut consid\u00e9rer que cet engagement est au-dessus des forces humaines\u00a0! Dans le sacrement de mariage, J\u00e9sus Christ promet aux \u00e9poux la force d\u2019\u00eatre fid\u00e8les jusqu\u2019au bout\u2026 \u00e0 condition que les \u00e9poux y croient et demandent dans leur pri\u00e8re la r\u00e9alisation quotidienne de cette promesse !<\/p>\n<p>&nbsp;<\/p>\n<p style=\"text-align: center;\">Pr\u00e9paration en couple ou en groupe sur une ann\u00e9e avant le mariage. Rencontre d\u2019inscription avec le cur\u00e9 de la paroisse.<\/p>\n<p>&nbsp;<\/p>\n<p style=\"text-align: center;\"><strong>Contact :<\/strong> Marine et Xavier Ameye Epm Seh \/ <a href=\"mailto:famille.sainteelisabeth@gmail.com\">famille.sainteelisabeth@gmail.com<\/a><\/p>\n","protected":false},"excerpt":{"rendered":"<p>Vous voulez vous marier \u00e0 l\u2019\u00e9glise. Avez-vous r\u00e9fl\u00e9chi ? &nbsp; Le mariage est une institution fort ancienne\u00a0; elle scelle l\u2019engagement d\u2019un homme et d\u2019une femme qui d\u00e9cident de former ensemble une communaut\u00e9 de toute la vie, pour leur bien \u00e0 eux deux et pour le bien de leurs enfants, qu\u2019ils accueilleront et \u00e9duqueront. &nbsp; Le [&hellip;]<\/p>\n","protected":false},"author":6,"featured_media":0,"parent":1182,"menu_order":4,"comment_status":"closed","ping_status":"closed","template":"page-type.php","meta":{"footnotes":""},"class_list":["post-1194","page","type-page","status-publish","hentry"],"_links":{"self":[{"href":"https:\/\/www.sainteelisabeth-versailles.com\/seh\/wp-json\/wp\/v2\/pages\/1194","targetHints":{"allow":["GET"]}}],"collection":[{"href":"https:\/\/www.sainteelisabeth-versailles.com\/seh\/wp-json\/wp\/v2\/pages"}],"about":[{"href":"https:\/\/www.sainteelisabeth-versailles.com\/seh\/wp-json\/wp\/v2\/types\/page"}],"author":[{"embeddable":true,"href":"https:\/\/www.sainteelisabeth-versailles.com\/seh\/wp-json\/wp\/v2\/users\/6"}],"replies":[{"embeddable":true,"href":"https:\/\/www.sainteelisabeth-versailles.com\/seh\/wp-json\/wp\/v2\/comments?post=1194"}],"version-history":[{"count":9,"href":"https:\/\/www.sainteelisabeth-versailles.com\/seh\/wp-json\/wp\/v2\/pages\/1194\/revisions"}],"predecessor-version":[{"id":6527,"href":"https:\/\/www.sainteelisabeth-versailles.com\/seh\/wp-json\/wp\/v2\/pages\/1194\/revisions\/6527"}],"up":[{"embeddable":true,"href":"https:\/\/www.sainteelisabeth-versailles.com\/seh\/wp-json\/wp\/v2\/pages\/1182"}],"wp:attachment":[{"href":"https:\/\/www.sainteelisabeth-versailles.com\/seh\/wp-json\/wp\/v2\/media?parent=1194"}],"curies":[{"name":"wp","href":"https:\/\/api.w.org\/{rel}","templated":true}]}}