{"id":1192,"date":"2019-09-18T22:53:06","date_gmt":"2019-09-18T20:53:06","guid":{"rendered":"http:\/\/www.sainteelisabeth-versailles.com\/seh\/?page_id=1192"},"modified":"2023-11-06T18:01:17","modified_gmt":"2023-11-06T17:01:17","slug":"leucharistie","status":"publish","type":"page","link":"https:\/\/www.sainteelisabeth-versailles.com\/seh\/vie-chretienne-et-sacrements\/leucharistie\/","title":{"rendered":"L\u2019Eucharistie"},"content":{"rendered":"<p style=\"text-align: center;\">L\u2019Eucharistie est la source et le sommet de la vie Chr\u00e9tienne. Nous venons \u00e9couter la Parole de Dieu et recevoir le Pain de Vie. Nous sommes rassembl\u00e9s par le Christ pour aller porter ensemble la Bonne Nouvelle.<\/p>\n<p>&nbsp;<\/p>\n<p>&nbsp;<\/p>\n<p style=\"text-align: center;\"><strong>La Premi\u00e8re Communion<\/strong><\/p>\n<p>&nbsp;<\/p>\n<p style=\"text-align: center;\"><strong>Pour les enfants,<\/strong> pr\u00e9paration \u00e0 la 1<sup>\u00e8re<\/sup> communion d\u00e8s le CE2 (CE1 sur demande au pr\u00eatre), cette pr\u00e9paration sp\u00e9cifique est propos\u00e9e en parall\u00e8le avec le <a href=\"https:\/\/www.sainteelisabeth-versailles.com\/seh\/pour-les-jeunes\/catechisme-du-ce1-au-cm2\/\">cat\u00e9chisme<\/a>.<\/p>\n<p style=\"text-align: center;\">Contact\u2005: V\u00e9ronique et Jean-Baptiste Fayet <a href=\"mailto:1ere.communion.steh.versailles@gmail.com\">1ere.communion.steh.versailles@gmail.com<\/a>\u00a0\/ 06 62 78 55 86<\/p>\n<p>&nbsp;<\/p>\n<p style=\"text-align: center;\"><strong>Pour les adultes,<\/strong> une pr\u00e9paration sp\u00e9cifique est propos\u00e9e par le <a href=\"https:\/\/www.sainteelisabeth-versailles.com\/seh\/vie-chretienne-et-sacrements\/catechumenat-des-adultes\/\">cat\u00e9chum\u00e9nat<\/a>.<\/p>\n<p style=\"text-align: center;\">Contact\u2005: Pascal Laufer <a href=\"mailto:catechumenat@sainteelisabeth-versailles.com\">catechumenat@sainteelisabeth-versailles.com<\/a>\u00a0\/ 01 39 50 40 77<\/p>\n<p>&nbsp;<\/p>\n<p>&nbsp;<\/p>\n<p style=\"text-align: center;\"><strong>Recevoir la Communion \u00e0 domicile<\/strong><\/p>\n<p>&nbsp;<\/p>\n<p style=\"text-align: center;\">Une personne de la paroisse vient porter l\u2019Eucharistie aux personnes handicap\u00e9es, malades ou \u00e2g\u00e9es.<\/p>\n<p style=\"text-align: center;\">Contact : service entraide <a href=\"mailto:entraide.steelisabeth78@gmail.com\">entraide.steelisabeth78@gmail.com<\/a><\/p>\n","protected":false},"excerpt":{"rendered":"<p>L\u2019Eucharistie est la source et le sommet de la vie Chr\u00e9tienne. Nous venons \u00e9couter la Parole de Dieu et recevoir le Pain de Vie. Nous sommes rassembl\u00e9s par le Christ pour aller porter ensemble la Bonne Nouvelle. &nbsp; &nbsp; La Premi\u00e8re Communion &nbsp; Pour les enfants, pr\u00e9paration \u00e0 la 1\u00e8re communion d\u00e8s le CE2 (CE1 [&hellip;]<\/p>\n","protected":false},"author":6,"featured_media":0,"parent":1182,"menu_order":3,"comment_status":"closed","ping_status":"closed","template":"page-type.php","meta":{"footnotes":""},"class_list":["post-1192","page","type-page","status-publish","hentry"],"_links":{"self":[{"href":"https:\/\/www.sainteelisabeth-versailles.com\/seh\/wp-json\/wp\/v2\/pages\/1192","targetHints":{"allow":["GET"]}}],"collection":[{"href":"https:\/\/www.sainteelisabeth-versailles.com\/seh\/wp-json\/wp\/v2\/pages"}],"about":[{"href":"https:\/\/www.sainteelisabeth-versailles.com\/seh\/wp-json\/wp\/v2\/types\/page"}],"author":[{"embeddable":true,"href":"https:\/\/www.sainteelisabeth-versailles.com\/seh\/wp-json\/wp\/v2\/users\/6"}],"replies":[{"embeddable":true,"href":"https:\/\/www.sainteelisabeth-versailles.com\/seh\/wp-json\/wp\/v2\/comments?post=1192"}],"version-history":[{"count":7,"href":"https:\/\/www.sainteelisabeth-versailles.com\/seh\/wp-json\/wp\/v2\/pages\/1192\/revisions"}],"predecessor-version":[{"id":5709,"href":"https:\/\/www.sainteelisabeth-versailles.com\/seh\/wp-json\/wp\/v2\/pages\/1192\/revisions\/5709"}],"up":[{"embeddable":true,"href":"https:\/\/www.sainteelisabeth-versailles.com\/seh\/wp-json\/wp\/v2\/pages\/1182"}],"wp:attachment":[{"href":"https:\/\/www.sainteelisabeth-versailles.com\/seh\/wp-json\/wp\/v2\/media?parent=1192"}],"curies":[{"name":"wp","href":"https:\/\/api.w.org\/{rel}","templated":true}]}}