{"id":1190,"date":"2019-09-18T22:52:16","date_gmt":"2019-09-18T20:52:16","guid":{"rendered":"http:\/\/www.sainteelisabeth-versailles.com\/seh\/?page_id=1190"},"modified":"2025-03-24T11:41:17","modified_gmt":"2025-03-24T10:41:17","slug":"catechumenat-des-adultes","status":"publish","type":"page","link":"https:\/\/www.sainteelisabeth-versailles.com\/seh\/vie-chretienne-et-sacrements\/catechumenat-des-adultes\/","title":{"rendered":"Cat\u00e9chum\u00e9nat des adultes"},"content":{"rendered":"<p style=\"text-align: center;\">Il n\u2019y a pas d\u2019\u00e2ge pour \u00eatre baptis\u00e9, confirm\u00e9 et faire sa premi\u00e8re Communion. Cela passe par une pr\u00e9paration appel\u00e9e <strong>cat\u00e9chum\u00e9nat.<\/strong> Il s\u2019agit d\u2019un itin\u00e9raire personnel accompagn\u00e9 par une \u00e9quipe. Elle se d\u00e9roule en plusieurs \u00e9tapes pour une dur\u00e9e variable selon le cheminement de chacun.<\/p>\n<p>&nbsp;<\/p>\n<p style=\"text-align: center;\">Responsable\u2005: Pascal Laufer <a href=\"mailto:catechumenat@sainteelisabeth-versailles.com\">catechumenat@sainteelisabeth-versailles.com<\/a>\u00a0\/ 01 39 50 40 77<\/p>\n","protected":false},"excerpt":{"rendered":"<p>Il n\u2019y a pas d\u2019\u00e2ge pour \u00eatre baptis\u00e9, confirm\u00e9 et faire sa premi\u00e8re Communion. Cela passe par une pr\u00e9paration appel\u00e9e cat\u00e9chum\u00e9nat. Il s\u2019agit d\u2019un itin\u00e9raire personnel accompagn\u00e9 par une \u00e9quipe. Elle se d\u00e9roule en plusieurs \u00e9tapes pour une dur\u00e9e variable selon le cheminement de chacun. &nbsp; Responsable\u2005: Pascal Laufer catechumenat@sainteelisabeth-versailles.com\u00a0\/ 01 39 50 40 77<\/p>\n","protected":false},"author":6,"featured_media":0,"parent":1182,"menu_order":2,"comment_status":"closed","ping_status":"closed","template":"page-type.php","meta":{"footnotes":""},"class_list":["post-1190","page","type-page","status-publish","hentry"],"_links":{"self":[{"href":"https:\/\/www.sainteelisabeth-versailles.com\/seh\/wp-json\/wp\/v2\/pages\/1190","targetHints":{"allow":["GET"]}}],"collection":[{"href":"https:\/\/www.sainteelisabeth-versailles.com\/seh\/wp-json\/wp\/v2\/pages"}],"about":[{"href":"https:\/\/www.sainteelisabeth-versailles.com\/seh\/wp-json\/wp\/v2\/types\/page"}],"author":[{"embeddable":true,"href":"https:\/\/www.sainteelisabeth-versailles.com\/seh\/wp-json\/wp\/v2\/users\/6"}],"replies":[{"embeddable":true,"href":"https:\/\/www.sainteelisabeth-versailles.com\/seh\/wp-json\/wp\/v2\/comments?post=1190"}],"version-history":[{"count":9,"href":"https:\/\/www.sainteelisabeth-versailles.com\/seh\/wp-json\/wp\/v2\/pages\/1190\/revisions"}],"predecessor-version":[{"id":6438,"href":"https:\/\/www.sainteelisabeth-versailles.com\/seh\/wp-json\/wp\/v2\/pages\/1190\/revisions\/6438"}],"up":[{"embeddable":true,"href":"https:\/\/www.sainteelisabeth-versailles.com\/seh\/wp-json\/wp\/v2\/pages\/1182"}],"wp:attachment":[{"href":"https:\/\/www.sainteelisabeth-versailles.com\/seh\/wp-json\/wp\/v2\/media?parent=1190"}],"curies":[{"name":"wp","href":"https:\/\/api.w.org\/{rel}","templated":true}]}}