{"id":1185,"date":"2019-09-18T22:49:34","date_gmt":"2019-09-18T20:49:34","guid":{"rendered":"http:\/\/www.sainteelisabeth-versailles.com\/seh\/?page_id=1185"},"modified":"2025-03-24T11:40:16","modified_gmt":"2025-03-24T10:40:16","slug":"le-bapteme","status":"publish","type":"page","link":"https:\/\/www.sainteelisabeth-versailles.com\/seh\/vie-chretienne-et-sacrements\/le-bapteme\/","title":{"rendered":"Le bapt\u00eame"},"content":{"rendered":"<p style=\"text-align: center;\">C\u2019est le premier des sacrements. Le baptis\u00e9 re\u00e7oit l\u2019Esprit Saint qui en fait un enfant de Dieu. Il marque l\u2019entr\u00e9e dans la vie chr\u00e9tienne dans l\u2019\u00c9glise. Cette entr\u00e9e dans la vie chr\u00e9tienne peut s\u2019accomplir aux diff\u00e9rents moments de la vie, \u00e0 tout \u00e2ge. Plus d&rsquo;informations : <a href=\"mailto:secretariat@sainteelisabeth-versailles.com\">secretariat@sainteelisabeth-versailles.com<\/a>\u00a0\/ 01 39 50 40 77<\/p>\n<p>&nbsp;<\/p>\n<p style=\"text-align: center;\"><strong>Enfants jusqu\u2019\u00e0 3 ans : <\/strong>l&rsquo;inscription est \u00e0 pr\u00e9voir <strong>trois mois <\/strong>avant la date du bapt\u00eame au secr\u00e9tariat de la paroisse La pr\u00e9paration se fait en 2 rencontres et le bapt\u00eame a lieu le samedi ou le dimanche<\/p>\n<p>&nbsp;<\/p>\n<p style=\"text-align: center;\"><strong>Enfants de 4 \u00e0 6 ans :<\/strong> une pr\u00e9paration adapt\u00e9e \u00e0 l\u2019\u00e2ge de l\u2019enfant est propos\u00e9e en lien avec <a href=\"https:\/\/www.sainteelisabeth-versailles.com\/seh\/pour-les-jeunes\/eveil-a-la-foi-et-a-la-priere-de-3-a-6-ans\/\">l\u2019\u00e9veil \u00e0 la Foi<\/a><\/p>\n<p>&nbsp;<\/p>\n<p style=\"text-align: center;\"><strong>Enfants de 7 ans \u00e0 11 ans :<\/strong> les enfants suivent une pr\u00e9paration sp\u00e9cifique en lien avec <a href=\"https:\/\/www.sainteelisabeth-versailles.com\/seh\/pour-les-jeunes\/catechisme-du-ce1-au-cm2\/\">le cat\u00e9chisme<\/a><\/p>\n<p>&nbsp;<\/p>\n<p style=\"text-align: center;\"><strong>Coll\u00e9giens et lyc\u00e9ens (11-18 ans) :<\/strong> les jeunes suivent une pr\u00e9paration sp\u00e9cifique et adapt\u00e9e en lien avec <a href=\"https:\/\/www.sainteelisabeth-versailles.com\/seh\/pour-les-jeunes\/aumonerie-collegiens-lyceens-etudiants\/\">l\u2019aum\u00f4nerie<\/a><\/p>\n<p>&nbsp;<\/p>\n<p style=\"text-align: center;\"><strong>Adultes :<\/strong> l\u2019\u00e9quipe de <a href=\"https:\/\/www.sainteelisabeth-versailles.com\/seh\/vie-chretienne-et-sacrements\/catechumenat-des-adultes\/\">cat\u00e9chum\u00e9nat<\/a> accueille et accompagne les adultes d\u00e9sireux de d\u00e9couvrir la foi chr\u00e9tienne et recevoir le bapt\u00eame.<\/p>\n","protected":false},"excerpt":{"rendered":"<p>C\u2019est le premier des sacrements. Le baptis\u00e9 re\u00e7oit l\u2019Esprit Saint qui en fait un enfant de Dieu. Il marque l\u2019entr\u00e9e dans la vie chr\u00e9tienne dans l\u2019\u00c9glise. Cette entr\u00e9e dans la vie chr\u00e9tienne peut s\u2019accomplir aux diff\u00e9rents moments de la vie, \u00e0 tout \u00e2ge. Plus d&rsquo;informations : secretariat@sainteelisabeth-versailles.com\u00a0\/ 01 39 50 40 77 &nbsp; Enfants jusqu\u2019\u00e0 [&hellip;]<\/p>\n","protected":false},"author":6,"featured_media":0,"parent":1182,"menu_order":1,"comment_status":"closed","ping_status":"closed","template":"page-type.php","meta":{"footnotes":""},"class_list":["post-1185","page","type-page","status-publish","hentry"],"_links":{"self":[{"href":"https:\/\/www.sainteelisabeth-versailles.com\/seh\/wp-json\/wp\/v2\/pages\/1185","targetHints":{"allow":["GET"]}}],"collection":[{"href":"https:\/\/www.sainteelisabeth-versailles.com\/seh\/wp-json\/wp\/v2\/pages"}],"about":[{"href":"https:\/\/www.sainteelisabeth-versailles.com\/seh\/wp-json\/wp\/v2\/types\/page"}],"author":[{"embeddable":true,"href":"https:\/\/www.sainteelisabeth-versailles.com\/seh\/wp-json\/wp\/v2\/users\/6"}],"replies":[{"embeddable":true,"href":"https:\/\/www.sainteelisabeth-versailles.com\/seh\/wp-json\/wp\/v2\/comments?post=1185"}],"version-history":[{"count":11,"href":"https:\/\/www.sainteelisabeth-versailles.com\/seh\/wp-json\/wp\/v2\/pages\/1185\/revisions"}],"predecessor-version":[{"id":6437,"href":"https:\/\/www.sainteelisabeth-versailles.com\/seh\/wp-json\/wp\/v2\/pages\/1185\/revisions\/6437"}],"up":[{"embeddable":true,"href":"https:\/\/www.sainteelisabeth-versailles.com\/seh\/wp-json\/wp\/v2\/pages\/1182"}],"wp:attachment":[{"href":"https:\/\/www.sainteelisabeth-versailles.com\/seh\/wp-json\/wp\/v2\/media?parent=1185"}],"curies":[{"name":"wp","href":"https:\/\/api.w.org\/{rel}","templated":true}]}}