{"id":1178,"date":"2019-09-18T22:43:48","date_gmt":"2019-09-18T20:43:48","guid":{"rendered":"http:\/\/www.sainteelisabeth-versailles.com\/seh\/?page_id=1178"},"modified":"2025-04-08T11:48:25","modified_gmt":"2025-04-08T09:48:25","slug":"patronage-les-chantiers-de-sainte-elisabeth","status":"publish","type":"page","link":"https:\/\/www.sainteelisabeth-versailles.com\/seh\/pour-les-jeunes\/patronage-les-chantiers-de-sainte-elisabeth\/","title":{"rendered":"Patronage \u00ab\u00a0Chantiers Club\u00a0\u00bb"},"content":{"rendered":"<p style=\"text-align: center;\"><img decoding=\"async\" class=\"alignnone size-full wp-image-5604\" src=\"https:\/\/www.sainteelisabeth-versailles.com\/seh\/wp-content\/uploads\/2023\/10\/chantiersclub.png\" alt=\"\" width=\"75%\" \/><\/p>\n<p>&nbsp;<\/p>\n<p style=\"text-align: center;\">La paroisse a lanc\u00e9, en 2018, un patronage pour proposer des activit\u00e9s (culturelles, r\u00e9cr\u00e9atives, sportives\u2026) \u00e0 l\u2019ensemble des enfants de 8 \u00e0 14 ans vivant sur le territoire de la paroisse. Des activit\u00e9s (animations, jeux, go\u00fbters) sont organis\u00e9es r\u00e9guli\u00e8rement le dimanche. Un camp d\u00e9couverte d\u2019une semaine est \u00e9galement organis\u00e9 chaque \u00e9t\u00e9.<\/p>\n<p>&nbsp;<\/p>\n<p style=\"text-align: center;\">Informations et inscriptions : <a href=\"mailto:chantiersclub@gmail.com\">chantiersclub@gmail.com<\/a>\u00a0(C\u00e9dric Fontaine)<\/p>\n","protected":false},"excerpt":{"rendered":"<p>&nbsp; La paroisse a lanc\u00e9, en 2018, un patronage pour proposer des activit\u00e9s (culturelles, r\u00e9cr\u00e9atives, sportives\u2026) \u00e0 l\u2019ensemble des enfants de 8 \u00e0 14 ans vivant sur le territoire de la paroisse. Des activit\u00e9s (animations, jeux, go\u00fbters) sont organis\u00e9es r\u00e9guli\u00e8rement le dimanche. Un camp d\u00e9couverte d\u2019une semaine est \u00e9galement organis\u00e9 chaque \u00e9t\u00e9. &nbsp; Informations et [&hellip;]<\/p>\n","protected":false},"author":6,"featured_media":0,"parent":1155,"menu_order":10,"comment_status":"closed","ping_status":"closed","template":"page-type.php","meta":{"footnotes":""},"class_list":["post-1178","page","type-page","status-publish","hentry"],"_links":{"self":[{"href":"https:\/\/www.sainteelisabeth-versailles.com\/seh\/wp-json\/wp\/v2\/pages\/1178","targetHints":{"allow":["GET"]}}],"collection":[{"href":"https:\/\/www.sainteelisabeth-versailles.com\/seh\/wp-json\/wp\/v2\/pages"}],"about":[{"href":"https:\/\/www.sainteelisabeth-versailles.com\/seh\/wp-json\/wp\/v2\/types\/page"}],"author":[{"embeddable":true,"href":"https:\/\/www.sainteelisabeth-versailles.com\/seh\/wp-json\/wp\/v2\/users\/6"}],"replies":[{"embeddable":true,"href":"https:\/\/www.sainteelisabeth-versailles.com\/seh\/wp-json\/wp\/v2\/comments?post=1178"}],"version-history":[{"count":9,"href":"https:\/\/www.sainteelisabeth-versailles.com\/seh\/wp-json\/wp\/v2\/pages\/1178\/revisions"}],"predecessor-version":[{"id":6502,"href":"https:\/\/www.sainteelisabeth-versailles.com\/seh\/wp-json\/wp\/v2\/pages\/1178\/revisions\/6502"}],"up":[{"embeddable":true,"href":"https:\/\/www.sainteelisabeth-versailles.com\/seh\/wp-json\/wp\/v2\/pages\/1155"}],"wp:attachment":[{"href":"https:\/\/www.sainteelisabeth-versailles.com\/seh\/wp-json\/wp\/v2\/media?parent=1178"}],"curies":[{"name":"wp","href":"https:\/\/api.w.org\/{rel}","templated":true}]}}