{"id":1172,"date":"2019-09-18T22:41:22","date_gmt":"2019-09-18T20:41:22","guid":{"rendered":"http:\/\/www.sainteelisabeth-versailles.com\/seh\/?page_id=1172"},"modified":"2023-11-06T17:48:01","modified_gmt":"2023-11-06T16:48:01","slug":"mouvement-eucharistique-des-jeunes-mej","status":"publish","type":"page","link":"https:\/\/www.sainteelisabeth-versailles.com\/seh\/pour-les-jeunes\/mouvement-eucharistique-des-jeunes-mej\/","title":{"rendered":"Mouvement Eucharistique des Jeunes (MEJ)"},"content":{"rendered":"<p style=\"text-align: center;\">Le MEJ s\u2019appuie sur deux tr\u00e9sors\u00a0: <strong>la spiritualit\u00e9 Ignacienne <\/strong>et <strong>l\u2019Eucharistie. <\/strong>\u00c0 la suite de St Ignace de Loyola, le jeune apprend \u00e0 nourrir sa vie int\u00e9rieure et \u00e0 parler \u00e0 J\u00e9sus comme \u00e0 un ami. Il rep\u00e8re les signes de la pr\u00e9sence de Dieu et apprend \u00e0 poser des choix dans le quotidien de sa vie. Le MEJ propose aux jeunes de 7 \u00e0 18 ans de d\u00e9couvrir que toute leur vie est Eucharistie, action de gr\u00e2ce \u00e0 Dieu, pour la vie donn\u00e9e. Ils font l&rsquo;exp\u00e9rience du soutien mutuel, de l&rsquo;amiti\u00e9 vraie. Tout recevoir et tout donner\u00a0!<\/p>\n<p>&nbsp;<\/p>\n<p style=\"text-align: center;\">En \u00e9quipe d&rsquo;\u00e2ge diff\u00e9renci\u00e9, le MEJ leur permet de vivre des temps de partage, de pri\u00e8re et de f\u00eate et d&rsquo;apprendre \u00e0 vivre ensemble. Les rencontres solidaires et les camps d&rsquo;\u00e9t\u00e9 compl\u00e8tent la p\u00e9dagogie, afin de faire croitre chaque jeune humainement et spirituellement. Contact \u00e0 Versailles\u2005: Anne-Sophie Macab\u00e9o <a href=\"mailto:mej-versailles@sfr.fr\">mej-versailles@sfr.fr<\/a> \/ 06 77 69 33 29 \/ <a href=\"http:\/\/www.mej.fr\">www.mej.fr<\/a><\/p>\n","protected":false},"excerpt":{"rendered":"<p>Le MEJ s\u2019appuie sur deux tr\u00e9sors\u00a0: la spiritualit\u00e9 Ignacienne et l\u2019Eucharistie. \u00c0 la suite de St Ignace de Loyola, le jeune apprend \u00e0 nourrir sa vie int\u00e9rieure et \u00e0 parler \u00e0 J\u00e9sus comme \u00e0 un ami. Il rep\u00e8re les signes de la pr\u00e9sence de Dieu et apprend \u00e0 poser des choix dans le quotidien de [&hellip;]<\/p>\n","protected":false},"author":6,"featured_media":0,"parent":1155,"menu_order":8,"comment_status":"closed","ping_status":"closed","template":"page-type.php","meta":{"footnotes":""},"class_list":["post-1172","page","type-page","status-publish","hentry"],"_links":{"self":[{"href":"https:\/\/www.sainteelisabeth-versailles.com\/seh\/wp-json\/wp\/v2\/pages\/1172","targetHints":{"allow":["GET"]}}],"collection":[{"href":"https:\/\/www.sainteelisabeth-versailles.com\/seh\/wp-json\/wp\/v2\/pages"}],"about":[{"href":"https:\/\/www.sainteelisabeth-versailles.com\/seh\/wp-json\/wp\/v2\/types\/page"}],"author":[{"embeddable":true,"href":"https:\/\/www.sainteelisabeth-versailles.com\/seh\/wp-json\/wp\/v2\/users\/6"}],"replies":[{"embeddable":true,"href":"https:\/\/www.sainteelisabeth-versailles.com\/seh\/wp-json\/wp\/v2\/comments?post=1172"}],"version-history":[{"count":7,"href":"https:\/\/www.sainteelisabeth-versailles.com\/seh\/wp-json\/wp\/v2\/pages\/1172\/revisions"}],"predecessor-version":[{"id":5701,"href":"https:\/\/www.sainteelisabeth-versailles.com\/seh\/wp-json\/wp\/v2\/pages\/1172\/revisions\/5701"}],"up":[{"embeddable":true,"href":"https:\/\/www.sainteelisabeth-versailles.com\/seh\/wp-json\/wp\/v2\/pages\/1155"}],"wp:attachment":[{"href":"https:\/\/www.sainteelisabeth-versailles.com\/seh\/wp-json\/wp\/v2\/media?parent=1172"}],"curies":[{"name":"wp","href":"https:\/\/api.w.org\/{rel}","templated":true}]}}