{"id":1170,"date":"2019-09-18T22:40:12","date_gmt":"2019-09-18T20:40:12","guid":{"rendered":"http:\/\/www.sainteelisabeth-versailles.com\/seh\/?page_id=1170"},"modified":"2023-11-06T17:55:52","modified_gmt":"2023-11-06T16:55:52","slug":"etudiants-et-jeunes-professionnels","status":"publish","type":"page","link":"https:\/\/www.sainteelisabeth-versailles.com\/seh\/pour-les-jeunes\/etudiants-et-jeunes-professionnels\/","title":{"rendered":"Etudiants et jeunes professionnels"},"content":{"rendered":"<p style=\"text-align: center;\"><img decoding=\"async\" class=\"alignnone size-full wp-image-5596\" src=\"https:\/\/www.sainteelisabeth-versailles.com\/seh\/wp-content\/uploads\/2023\/10\/even1.png\" alt=\"\" width=\"50%\" \/><\/p>\n<p>&nbsp;<\/p>\n<p style=\"text-align: center;\"><strong>EVEN (\u00c9cole du Verbe \u00c9ternel et Nouveau) pour les 18-30 ans<\/strong><\/p>\n<p>&nbsp;<\/p>\n<p style=\"text-align: center;\">Vivre une exp\u00e9rience chr\u00e9tienne autour de la parole de Dieu r\u00e9v\u00e9l\u00e9e par le Christ. Soir\u00e9e de formation et de pri\u00e8re \u00e0 la foi chr\u00e9tienne tous les mardis. Contact\u2005: <a href=\"mailto:even.versailles78@gmail.com\">even.versailles78@gmail.com<\/a><\/p>\n<hr \/>\n<p style=\"text-align: center;\"><strong>Jeunes Pro pour les 25-35 ans<\/strong><\/p>\n<p>&nbsp;<\/p>\n<p style=\"text-align: center;\">Le groupe Jeunes Pro de Versailles, accompagn\u00e9 par le P\u00e8re Christophe H\u00e9don de la paroisse de Notre-Dame de Versailles, a pour vocation de faire se rencontrer les jeunes professionnels et les accompagner \u00e0 vivre leur foi au d\u00e9but de leur vie professionnelle. Plus d&rsquo;infos sur le <a href=\"https:\/\/www.facebook.com\/Jeunes-professionnels-de-Versailles-et-alentours-300284117435711\/\">groupe Facebook<\/a> ou le <a href=\"https:\/\/www.instagram.com\/j_p_versailles\/\">compte Instagram<\/a> ou par mail : <a id=\"LPlnk864235\" href=\"mailto:versaillesjp@gmail.com\" target=\"_blank\" rel=\"noopener noreferrer\" data-auth=\"NotApplicable\" data-linkindex=\"0\" data-ogsc=\"\">versaillesjp@gmail.com<\/a><\/p>\n","protected":false},"excerpt":{"rendered":"<p>&nbsp; EVEN (\u00c9cole du Verbe \u00c9ternel et Nouveau) pour les 18-30 ans &nbsp; Vivre une exp\u00e9rience chr\u00e9tienne autour de la parole de Dieu r\u00e9v\u00e9l\u00e9e par le Christ. Soir\u00e9e de formation et de pri\u00e8re \u00e0 la foi chr\u00e9tienne tous les mardis. Contact\u2005: even.versailles78@gmail.com Jeunes Pro pour les 25-35 ans &nbsp; Le groupe Jeunes Pro de Versailles, [&hellip;]<\/p>\n","protected":false},"author":6,"featured_media":0,"parent":1155,"menu_order":7,"comment_status":"closed","ping_status":"closed","template":"page-type.php","meta":{"footnotes":""},"class_list":["post-1170","page","type-page","status-publish","hentry"],"_links":{"self":[{"href":"https:\/\/www.sainteelisabeth-versailles.com\/seh\/wp-json\/wp\/v2\/pages\/1170","targetHints":{"allow":["GET"]}}],"collection":[{"href":"https:\/\/www.sainteelisabeth-versailles.com\/seh\/wp-json\/wp\/v2\/pages"}],"about":[{"href":"https:\/\/www.sainteelisabeth-versailles.com\/seh\/wp-json\/wp\/v2\/types\/page"}],"author":[{"embeddable":true,"href":"https:\/\/www.sainteelisabeth-versailles.com\/seh\/wp-json\/wp\/v2\/users\/6"}],"replies":[{"embeddable":true,"href":"https:\/\/www.sainteelisabeth-versailles.com\/seh\/wp-json\/wp\/v2\/comments?post=1170"}],"version-history":[{"count":5,"href":"https:\/\/www.sainteelisabeth-versailles.com\/seh\/wp-json\/wp\/v2\/pages\/1170\/revisions"}],"predecessor-version":[{"id":5702,"href":"https:\/\/www.sainteelisabeth-versailles.com\/seh\/wp-json\/wp\/v2\/pages\/1170\/revisions\/5702"}],"up":[{"embeddable":true,"href":"https:\/\/www.sainteelisabeth-versailles.com\/seh\/wp-json\/wp\/v2\/pages\/1155"}],"wp:attachment":[{"href":"https:\/\/www.sainteelisabeth-versailles.com\/seh\/wp-json\/wp\/v2\/media?parent=1170"}],"curies":[{"name":"wp","href":"https:\/\/api.w.org\/{rel}","templated":true}]}}