{"id":1167,"date":"2019-09-18T22:38:33","date_gmt":"2019-09-18T20:38:33","guid":{"rendered":"http:\/\/www.sainteelisabeth-versailles.com\/seh\/?page_id=1167"},"modified":"2023-11-06T17:43:47","modified_gmt":"2023-11-06T16:43:47","slug":"aumonerie-collegiens-lyceens-etudiants","status":"publish","type":"page","link":"https:\/\/www.sainteelisabeth-versailles.com\/seh\/pour-les-jeunes\/aumonerie-collegiens-lyceens-etudiants\/","title":{"rendered":"Aum\u00f4nerie (coll\u00e9giens, lyc\u00e9ens, \u00e9tudiants)"},"content":{"rendered":"<p style=\"text-align: center;\">Lieu de rencontre et d\u2019\u00e9change pour les jeunes souhaitant d\u00e9couvrir et approfondir leur vie chr\u00e9tienne. R\u00e9unions au \u00ab\u202f48\u202f\u00bb (48, avenue de Paris) et participation aux temps forts (FRAT, JMJ\u2026).<\/p>\n<p>&nbsp;<\/p>\n<p style=\"text-align: center;\"><strong>Coll\u00e9giens\u2005:<\/strong> Aum\u00f4nerie Nolhac-Poincar\u00e9 : <a href=\"mailto:aumonerienolhacpoincare@gmail.com\">aumonerienolhacpoincare@gmail.com<\/a>\u00a0\/ 01\u200539\u200550\u200546\u200561<\/p>\n<p>&nbsp;<\/p>\n<p style=\"text-align: center;\"><strong>Lyc\u00e9ens\u2005:<\/strong> Aum\u00f4nerie du \u00ab\u202f48\u202f\u00bb <a href=\"mailto:aumonerie@le48.org\">aumonerie@le48.org<\/a>\u00a0\/ 01\u200539\u200550\u200546\u200561<\/p>\n<p>&nbsp;<\/p>\n<p style=\"text-align: center;\"><strong>\u00c9tudiants, aum\u00f4nerie \u00e9tudiante :<\/strong> les \u00e9tudiants de Versailles et environs se retrouvent pour la messe du mercredi \u00e0 19h15 puis pour une soir\u00e9e d\u2019\u00e9changes et de partage au \u00ab\u202f48\u202f\u00bb (48, avenue de Paris). Contact\u2005:<a href=\"mailto:bethel.versailles@gmail.com\">bethel.versailles@gmail.com<\/a><\/p>\n<p>&nbsp;<\/p>\n<p style=\"text-align: center;\"><strong>\u00c9tudiants, Foyer Saint Thomas :<\/strong>\u00a0lieu de vie communautaire avec une vie fraternelle, de pri\u00e8re et de service.\u00a0 Contact\u00a0: Fran\u00e7ois-G\u00e9rard et Beatrice Bouy <a href=\"mailto:francoisgerardbouy@gmail.com\">francoisgerardbouy@gmail.com<\/a><\/p>\n","protected":false},"excerpt":{"rendered":"<p>Lieu de rencontre et d\u2019\u00e9change pour les jeunes souhaitant d\u00e9couvrir et approfondir leur vie chr\u00e9tienne. R\u00e9unions au \u00ab\u202f48\u202f\u00bb (48, avenue de Paris) et participation aux temps forts (FRAT, JMJ\u2026). &nbsp; Coll\u00e9giens\u2005: Aum\u00f4nerie Nolhac-Poincar\u00e9 : aumonerienolhacpoincare@gmail.com\u00a0\/ 01\u200539\u200550\u200546\u200561 &nbsp; Lyc\u00e9ens\u2005: Aum\u00f4nerie du \u00ab\u202f48\u202f\u00bb aumonerie@le48.org\u00a0\/ 01\u200539\u200550\u200546\u200561 &nbsp; \u00c9tudiants, aum\u00f4nerie \u00e9tudiante : les \u00e9tudiants de Versailles et environs se [&hellip;]<\/p>\n","protected":false},"author":6,"featured_media":0,"parent":1155,"menu_order":6,"comment_status":"closed","ping_status":"closed","template":"page-type.php","meta":{"footnotes":""},"class_list":["post-1167","page","type-page","status-publish","hentry"],"_links":{"self":[{"href":"https:\/\/www.sainteelisabeth-versailles.com\/seh\/wp-json\/wp\/v2\/pages\/1167","targetHints":{"allow":["GET"]}}],"collection":[{"href":"https:\/\/www.sainteelisabeth-versailles.com\/seh\/wp-json\/wp\/v2\/pages"}],"about":[{"href":"https:\/\/www.sainteelisabeth-versailles.com\/seh\/wp-json\/wp\/v2\/types\/page"}],"author":[{"embeddable":true,"href":"https:\/\/www.sainteelisabeth-versailles.com\/seh\/wp-json\/wp\/v2\/users\/6"}],"replies":[{"embeddable":true,"href":"https:\/\/www.sainteelisabeth-versailles.com\/seh\/wp-json\/wp\/v2\/comments?post=1167"}],"version-history":[{"count":6,"href":"https:\/\/www.sainteelisabeth-versailles.com\/seh\/wp-json\/wp\/v2\/pages\/1167\/revisions"}],"predecessor-version":[{"id":5699,"href":"https:\/\/www.sainteelisabeth-versailles.com\/seh\/wp-json\/wp\/v2\/pages\/1167\/revisions\/5699"}],"up":[{"embeddable":true,"href":"https:\/\/www.sainteelisabeth-versailles.com\/seh\/wp-json\/wp\/v2\/pages\/1155"}],"wp:attachment":[{"href":"https:\/\/www.sainteelisabeth-versailles.com\/seh\/wp-json\/wp\/v2\/media?parent=1167"}],"curies":[{"name":"wp","href":"https:\/\/api.w.org\/{rel}","templated":true}]}}