{"id":1161,"date":"2019-09-18T22:35:57","date_gmt":"2019-09-18T20:35:57","guid":{"rendered":"http:\/\/www.sainteelisabeth-versailles.com\/seh\/?page_id=1161"},"modified":"2025-04-08T11:27:03","modified_gmt":"2025-04-08T09:27:03","slug":"catechisme-du-ce1-au-cm2","status":"publish","type":"page","link":"https:\/\/www.sainteelisabeth-versailles.com\/seh\/pour-les-jeunes\/catechisme-du-ce1-au-cm2\/","title":{"rendered":"Cat\u00e9chisme (du CE1 au CM2)"},"content":{"rendered":"<p style=\"text-align: center;\">Il est propos\u00e9 aux enfants \u00e0 partir du CE1 de se retrouver tous les quinze jours en petites \u00e9quipes. Les cat\u00e9chistes les accueillent avec grande joie et leur permettent de grandir sous le regard de Dieu. Une fois par mois, une messe anim\u00e9e par le KT, le samedi soir \u00e0 18h30, est organis\u00e9e pour que les enfants puissent participer activement \u00e0 la liturgie avec leur famille. <strong>Deux cr\u00e9neaux possibles pour la cat\u00e9ch\u00e8se :\u00a0mercredi de 17h15 \u00e0 18h30 et\u00a0samedi de 10h15 \u00e0 11h30<\/strong><\/p>\n<p>&nbsp;<\/p>\n<p style=\"text-align: center;\">Les enfants sont pr\u00e9par\u00e9s au sacrement du pardon.<\/p>\n<p style=\"text-align: center;\">Pour pr\u00e9parer\u00a0<a href=\"https:\/\/www.sainteelisabeth-versailles.com\/seh\/vie-chretienne-et-sacrements\/leucharistie\/\">la premi\u00e8re communion<\/a>\u00a0et pour les enfants qui ne sont pas encore baptis\u00e9s, <a href=\"https:\/\/www.sainteelisabeth-versailles.com\/seh\/vie-chretienne-et-sacrements\/le-bapteme\/\">au bapt\u00eame<\/a>\u00a0d&rsquo;autres rendez-vous leur sont propos\u00e9s.<\/p>\n<p>&nbsp;<\/p>\n<p style=\"text-align: center;\"><strong>Les inscriptions pour l\u2019ann\u00e9e 2024\/2025 sont ouvertes !\u00a0<\/strong>Inscriptions via\u00a0<a href=\"https:\/\/gaspard-versailles.altair-performance.com\/inscriptioncate\/index.php?inst=37x2817529\">ce formulaire<\/a>.<\/p>\n<p>&nbsp;<\/p>\n<p style=\"text-align: center;\">En cas de probl\u00e8me s&rsquo;adresser \u00e0\u00a0Chlo\u00e9 Mah\u00e9 (responsable) \/ Jennifer Le Gall (responsable) \/ <span style=\"color: #0000ff;\" data-ogac=\"#0000ff\"><a href=\"mailto:kt.steelisabethversailles@gmail.com\" target=\"_blank\" rel=\"noopener noreferrer\" data-auth=\"NotApplicable\" data-ogsc=\"\" data-linkindex=\"3\">kt.steelisabethversailles@gmail.com<\/a><\/span><\/p>\n<p>&nbsp;<\/p>\n<p style=\"text-align: center;\">Retrouvez \u00e9galement les informations KT sp\u00e9cifiques \u00e0 la<strong> communaut\u00e9 portugaise<\/strong> sur la <a href=\"https:\/\/www.sainteelisabeth-versailles.com\/seh\/communaute-portugaise\/\">page d\u00e9di\u00e9e<\/a><\/p>\n","protected":false},"excerpt":{"rendered":"<p>Il est propos\u00e9 aux enfants \u00e0 partir du CE1 de se retrouver tous les quinze jours en petites \u00e9quipes. Les cat\u00e9chistes les accueillent avec grande joie et leur permettent de grandir sous le regard de Dieu. Une fois par mois, une messe anim\u00e9e par le KT, le samedi soir \u00e0 18h30, est organis\u00e9e pour que [&hellip;]<\/p>\n","protected":false},"author":6,"featured_media":0,"parent":1155,"menu_order":3,"comment_status":"closed","ping_status":"closed","template":"page-type.php","meta":{"footnotes":""},"class_list":["post-1161","page","type-page","status-publish","hentry"],"_links":{"self":[{"href":"https:\/\/www.sainteelisabeth-versailles.com\/seh\/wp-json\/wp\/v2\/pages\/1161","targetHints":{"allow":["GET"]}}],"collection":[{"href":"https:\/\/www.sainteelisabeth-versailles.com\/seh\/wp-json\/wp\/v2\/pages"}],"about":[{"href":"https:\/\/www.sainteelisabeth-versailles.com\/seh\/wp-json\/wp\/v2\/types\/page"}],"author":[{"embeddable":true,"href":"https:\/\/www.sainteelisabeth-versailles.com\/seh\/wp-json\/wp\/v2\/users\/6"}],"replies":[{"embeddable":true,"href":"https:\/\/www.sainteelisabeth-versailles.com\/seh\/wp-json\/wp\/v2\/comments?post=1161"}],"version-history":[{"count":33,"href":"https:\/\/www.sainteelisabeth-versailles.com\/seh\/wp-json\/wp\/v2\/pages\/1161\/revisions"}],"predecessor-version":[{"id":6499,"href":"https:\/\/www.sainteelisabeth-versailles.com\/seh\/wp-json\/wp\/v2\/pages\/1161\/revisions\/6499"}],"up":[{"embeddable":true,"href":"https:\/\/www.sainteelisabeth-versailles.com\/seh\/wp-json\/wp\/v2\/pages\/1155"}],"wp:attachment":[{"href":"https:\/\/www.sainteelisabeth-versailles.com\/seh\/wp-json\/wp\/v2\/media?parent=1161"}],"curies":[{"name":"wp","href":"https:\/\/api.w.org\/{rel}","templated":true}]}}