{"id":1159,"date":"2019-09-18T22:34:55","date_gmt":"2019-09-18T20:34:55","guid":{"rendered":"http:\/\/www.sainteelisabeth-versailles.com\/seh\/?page_id=1159"},"modified":"2025-09-30T15:54:37","modified_gmt":"2025-09-30T13:54:37","slug":"eveil-a-la-foi-et-a-la-priere-de-3-a-6-ans","status":"publish","type":"page","link":"https:\/\/www.sainteelisabeth-versailles.com\/seh\/pour-les-jeunes\/eveil-a-la-foi-et-a-la-priere-de-3-a-6-ans\/","title":{"rendered":"\u00c9veil \u00e0 la foi (de 3 \u00e0 6 ans)"},"content":{"rendered":"<p style=\"text-align: center;\"><img decoding=\"async\" class=\"alignnone size-full wp-image-5500\" src=\"https:\/\/www.sainteelisabeth-versailles.com\/seh\/wp-content\/uploads\/2023\/09\/eveil.png\" alt=\"\" width=\"75%\" \/>Un dimanche par mois de 9h \u00e0 10h au CSE<\/p>\n<p style=\"text-align: center;\">&#8211; 5 octobre<\/p>\n<p style=\"text-align: center;\">&#8211; 23 novembre<\/p>\n<p style=\"text-align: center;\">&#8211; 7 d\u00e9cembre<\/p>\n<p style=\"text-align: center;\">&#8211; 18 janvier<\/p>\n<p style=\"text-align: center;\">&#8211; 15 f\u00e9vrier<\/p>\n<p style=\"text-align: center;\">&#8211; 22 mars<\/p>\n<p style=\"text-align: center;\">&#8211; 31 mai<\/p>\n<p style=\"text-align: center;\">Au programme : Pri\u00e8re \/ Evangile racont\u00e9 par le P\u00e8re Jean-Yves \/ Activit\u00e9 li\u00e9 \u00e0 cet Evangile<\/p>\n<p>Contact : <a href=\"mailto:eveilalafoisteelisabeth78@gmail.com\">eveilalafoisteelisabeth78@gmail.com<\/a> (Laure de Casson, Charlotte Desmet, Daphn\u00e9 Camguilhem)<\/p>\n","protected":false},"excerpt":{"rendered":"<p>Un dimanche par mois de 9h \u00e0 10h au CSE &#8211; 5 octobre &#8211; 23 novembre &#8211; 7 d\u00e9cembre &#8211; 18 janvier &#8211; 15 f\u00e9vrier &#8211; 22 mars &#8211; 31 mai Au programme : Pri\u00e8re \/ Evangile racont\u00e9 par le P\u00e8re Jean-Yves \/ Activit\u00e9 li\u00e9 \u00e0 cet Evangile Contact : eveilalafoisteelisabeth78@gmail.com (Laure de Casson, Charlotte [&hellip;]<\/p>\n","protected":false},"author":6,"featured_media":0,"parent":1155,"menu_order":2,"comment_status":"closed","ping_status":"closed","template":"page-type.php","meta":{"footnotes":""},"class_list":["post-1159","page","type-page","status-publish","hentry"],"_links":{"self":[{"href":"https:\/\/www.sainteelisabeth-versailles.com\/seh\/wp-json\/wp\/v2\/pages\/1159","targetHints":{"allow":["GET"]}}],"collection":[{"href":"https:\/\/www.sainteelisabeth-versailles.com\/seh\/wp-json\/wp\/v2\/pages"}],"about":[{"href":"https:\/\/www.sainteelisabeth-versailles.com\/seh\/wp-json\/wp\/v2\/types\/page"}],"author":[{"embeddable":true,"href":"https:\/\/www.sainteelisabeth-versailles.com\/seh\/wp-json\/wp\/v2\/users\/6"}],"replies":[{"embeddable":true,"href":"https:\/\/www.sainteelisabeth-versailles.com\/seh\/wp-json\/wp\/v2\/comments?post=1159"}],"version-history":[{"count":15,"href":"https:\/\/www.sainteelisabeth-versailles.com\/seh\/wp-json\/wp\/v2\/pages\/1159\/revisions"}],"predecessor-version":[{"id":6863,"href":"https:\/\/www.sainteelisabeth-versailles.com\/seh\/wp-json\/wp\/v2\/pages\/1159\/revisions\/6863"}],"up":[{"embeddable":true,"href":"https:\/\/www.sainteelisabeth-versailles.com\/seh\/wp-json\/wp\/v2\/pages\/1155"}],"wp:attachment":[{"href":"https:\/\/www.sainteelisabeth-versailles.com\/seh\/wp-json\/wp\/v2\/media?parent=1159"}],"curies":[{"name":"wp","href":"https:\/\/api.w.org\/{rel}","templated":true}]}}