{"id":1157,"date":"2019-09-18T22:34:26","date_gmt":"2019-09-18T20:34:26","guid":{"rendered":"http:\/\/www.sainteelisabeth-versailles.com\/seh\/?page_id=1157"},"modified":"2025-04-08T11:16:20","modified_gmt":"2025-04-08T09:16:20","slug":"partage-devangile-de-4-a-7-ans","status":"publish","type":"page","link":"https:\/\/www.sainteelisabeth-versailles.com\/seh\/pour-les-jeunes\/partage-devangile-de-4-a-7-ans\/","title":{"rendered":"Partage de l&rsquo;Evangile pendant la Messe (de 4 \u00e0 7 ans)"},"content":{"rendered":"<p style=\"text-align: center;\">\u00c0 l\u2019occasion des messes dominicales de 10h15 (hors vacances scolaires), il est propos\u00e9 aux enfants de 4 \u00e0 7 ans de d\u00e9couvrir et de partager la Parole du jour dans la sacristie.<\/p>\n<p style=\"text-align: center;\">Responsable\u2005: <span class=\"TextRun BCX2 SCXO86154274\" lang=\"EN-US\" xml:lang=\"EN-US\" data-contrast=\"auto\"><span class=\"NormalTextRun BCX2 SCXO86154274\">Alexandra Dugas <\/span><\/span><a class=\"Hyperlink BCX2 SCXO86154274\" href=\"mailto:alexandra.fournier.dugas@gmail.com\" target=\"_blank\" rel=\"noreferrer noopener\"><span class=\"TextRun BCX2 SCXO86154274\" lang=\"EN-US\" xml:lang=\"EN-US\" data-contrast=\"auto\"><span class=\"NormalTextRun BCX2 SCXO86154274\">alexandra.fournier.dugas@gmail.com<\/span><\/span><\/a><\/p>\n","protected":false},"excerpt":{"rendered":"<p>\u00c0 l\u2019occasion des messes dominicales de 10h15 (hors vacances scolaires), il est propos\u00e9 aux enfants de 4 \u00e0 7 ans de d\u00e9couvrir et de partager la Parole du jour dans la sacristie. Responsable\u2005: Alexandra Dugas alexandra.fournier.dugas@gmail.com<\/p>\n","protected":false},"author":6,"featured_media":0,"parent":1155,"menu_order":1,"comment_status":"closed","ping_status":"closed","template":"page-type.php","meta":{"footnotes":""},"class_list":["post-1157","page","type-page","status-publish","hentry"],"_links":{"self":[{"href":"https:\/\/www.sainteelisabeth-versailles.com\/seh\/wp-json\/wp\/v2\/pages\/1157","targetHints":{"allow":["GET"]}}],"collection":[{"href":"https:\/\/www.sainteelisabeth-versailles.com\/seh\/wp-json\/wp\/v2\/pages"}],"about":[{"href":"https:\/\/www.sainteelisabeth-versailles.com\/seh\/wp-json\/wp\/v2\/types\/page"}],"author":[{"embeddable":true,"href":"https:\/\/www.sainteelisabeth-versailles.com\/seh\/wp-json\/wp\/v2\/users\/6"}],"replies":[{"embeddable":true,"href":"https:\/\/www.sainteelisabeth-versailles.com\/seh\/wp-json\/wp\/v2\/comments?post=1157"}],"version-history":[{"count":7,"href":"https:\/\/www.sainteelisabeth-versailles.com\/seh\/wp-json\/wp\/v2\/pages\/1157\/revisions"}],"predecessor-version":[{"id":6495,"href":"https:\/\/www.sainteelisabeth-versailles.com\/seh\/wp-json\/wp\/v2\/pages\/1157\/revisions\/6495"}],"up":[{"embeddable":true,"href":"https:\/\/www.sainteelisabeth-versailles.com\/seh\/wp-json\/wp\/v2\/pages\/1155"}],"wp:attachment":[{"href":"https:\/\/www.sainteelisabeth-versailles.com\/seh\/wp-json\/wp\/v2\/media?parent=1157"}],"curies":[{"name":"wp","href":"https:\/\/api.w.org\/{rel}","templated":true}]}}