{"id":1143,"date":"2019-09-18T22:13:55","date_gmt":"2019-09-18T20:13:55","guid":{"rendered":"http:\/\/www.sainteelisabeth-versailles.com\/seh\/?page_id=1143"},"modified":"2025-03-24T12:16:44","modified_gmt":"2025-03-24T11:16:44","slug":"mouvements-de-vie-spirituelle","status":"publish","type":"page","link":"https:\/\/www.sainteelisabeth-versailles.com\/seh\/activites\/mouvements-de-vie-spirituelle\/","title":{"rendered":"Nourrir sa foi"},"content":{"rendered":"<div dir=\"auto\">\n<p style=\"text-align: center;\"><strong>Groupe Biblique<\/strong><\/p>\n<p>&nbsp;<\/p>\n<\/div>\n<div dir=\"auto\">\n<p style=\"text-align: center;\">Lecture, d\u00e9couverte et partage de la Parole de Dieu dans le livre de la Gen\u00e8se dix mercredis par an, l\u2019apr\u00e8s-midi de 14h \u00e0 16h30. Contact\u2005: Philippe Lemant 06\u200508\u200558\u200529\u200515<\/p>\n<\/div>\n<hr \/>\n<div dir=\"auto\" style=\"text-align: center;\">\n<p><strong>Service de Formation<\/strong><\/p>\n<p>&nbsp;<\/p>\n<\/div>\n<div dir=\"auto\" style=\"text-align: center;\">\n<p>Se former \u00e0 tout \u00e2ge et suivre des cycles de conf\u00e9rences pour approfondir sa foi. Le dioc\u00e8se de Versailles propose des formations bibliques, liturgiques ou spirituelles : <a href=\"mailto:formation@catholique78.fr\">formation@catholique78.fr<\/a>\u00a0\/ 01\u200530\u200597\u200568\u200510 \/ <a href=\"http:\/\/www.catholique78.fr\/services\/formation\">www.catholique78.fr\/services\/formation<\/a><\/p>\n<\/div>\n<div dir=\"auto\">\n<p style=\"text-align: center;\">\n<\/div>\n","protected":false},"excerpt":{"rendered":"<p>Groupe Biblique &nbsp; Lecture, d\u00e9couverte et partage de la Parole de Dieu dans le livre de la Gen\u00e8se dix mercredis par an, l\u2019apr\u00e8s-midi de 14h \u00e0 16h30. Contact\u2005: Philippe Lemant 06\u200508\u200558\u200529\u200515 Service de Formation &nbsp; Se former \u00e0 tout \u00e2ge et suivre des cycles de conf\u00e9rences pour approfondir sa foi. Le dioc\u00e8se de Versailles propose [&hellip;]<\/p>\n","protected":false},"author":6,"featured_media":0,"parent":1123,"menu_order":6,"comment_status":"closed","ping_status":"closed","template":"page-type.php","meta":{"footnotes":""},"class_list":["post-1143","page","type-page","status-publish","hentry"],"_links":{"self":[{"href":"https:\/\/www.sainteelisabeth-versailles.com\/seh\/wp-json\/wp\/v2\/pages\/1143","targetHints":{"allow":["GET"]}}],"collection":[{"href":"https:\/\/www.sainteelisabeth-versailles.com\/seh\/wp-json\/wp\/v2\/pages"}],"about":[{"href":"https:\/\/www.sainteelisabeth-versailles.com\/seh\/wp-json\/wp\/v2\/types\/page"}],"author":[{"embeddable":true,"href":"https:\/\/www.sainteelisabeth-versailles.com\/seh\/wp-json\/wp\/v2\/users\/6"}],"replies":[{"embeddable":true,"href":"https:\/\/www.sainteelisabeth-versailles.com\/seh\/wp-json\/wp\/v2\/comments?post=1143"}],"version-history":[{"count":20,"href":"https:\/\/www.sainteelisabeth-versailles.com\/seh\/wp-json\/wp\/v2\/pages\/1143\/revisions"}],"predecessor-version":[{"id":6448,"href":"https:\/\/www.sainteelisabeth-versailles.com\/seh\/wp-json\/wp\/v2\/pages\/1143\/revisions\/6448"}],"up":[{"embeddable":true,"href":"https:\/\/www.sainteelisabeth-versailles.com\/seh\/wp-json\/wp\/v2\/pages\/1123"}],"wp:attachment":[{"href":"https:\/\/www.sainteelisabeth-versailles.com\/seh\/wp-json\/wp\/v2\/media?parent=1143"}],"curies":[{"name":"wp","href":"https:\/\/api.w.org\/{rel}","templated":true}]}}