{"id":1138,"date":"2019-09-18T22:09:20","date_gmt":"2019-09-18T20:09:20","guid":{"rendered":"http:\/\/www.sainteelisabeth-versailles.com\/seh\/?page_id=1138"},"modified":"2025-03-24T12:01:12","modified_gmt":"2025-03-24T11:01:12","slug":"adoration-et-louange","status":"publish","type":"page","link":"https:\/\/www.sainteelisabeth-versailles.com\/seh\/activites\/adoration-et-louange\/","title":{"rendered":"P\u00e9lerinages"},"content":{"rendered":"<p style=\"text-align: center;\"><strong>Marche Saint-Joseph<\/strong><\/p>\n<p>&nbsp;<\/p>\n<p style=\"text-align: center;\">Une journ\u00e9e de marche jusqu\u2019\u00e0 Paris pour les hommes. Responsable<span class=\"TextRun BCX2 SCXO63139450\" lang=\"EN-US\" xml:lang=\"EN-US\" data-contrast=\"auto\"><span class=\"NormalTextRun BCX2 SCXO63139450\">: <\/span><\/span><span class=\"TextRun BCX2 SCXO63139450\" lang=\"EN-US\" xml:lang=\"EN-US\" data-contrast=\"auto\"><span class=\"NormalTextRun BCX2 SCXO63139450\">Pascal <\/span><span class=\"SpellingError BCX2 SCXO63139450\">Langard<\/span><\/span> . Prochaine marche : <span class=\"TextRun BCX2 SCXO63139450\" lang=\"EN-US\" xml:lang=\"EN-US\" data-contrast=\"auto\"><span class=\"SpellingError BCX2 SCXO63139450\">samedi<\/span><span class=\"NormalTextRun BCX2 SCXO63139450\">\u00a022 mars 2025.<\/span><\/span><\/p>\n<hr \/>\n<p style=\"text-align: center;\"><strong>P\u00e8lerinage des P\u00e8res de famille<\/strong><\/p>\n<p>&nbsp;<\/p>\n<p style=\"text-align: center;\">Trois jours de marche vers un sanctuaire pour prendre un temps de pause et partager dans une atmosph\u00e8re simple et fraternelle. Responsable : <span class=\"TextRun BCX2 SCXO63139450\" lang=\"EN-US\" xml:lang=\"EN-US\" data-contrast=\"auto\"><span class=\"NormalTextRun BCX2 SCXO63139450\">Pascal <\/span><span class=\"SpellingError BCX2 SCXO63139450\">Langard<\/span><\/span><\/p>\n<hr \/>\n<p style=\"text-align: center;\"><strong>P\u00e8lerinage des M\u00e8res de famille<\/strong><\/p>\n<p>&nbsp;<\/p>\n<p style=\"text-align: center;\">Une journ\u00e9e de marche dans les Yvelines pour prendre un temps de ressourcement et partager dans une atmosph\u00e8re simple et fraternelle. Prochain p\u00e8lerinage : samedi 25 mai 2024.<\/p>\n<p style=\"text-align: center;\">Contacts : Anne-Laure Lapluye <a href=\"mailto:allapluye@yahoo.fr\">allapluye@yahoo.fr<\/a> \/ 06 66 03 63 18<\/p>\n<hr \/>\n<p style=\"text-align: center;\"><strong>P\u00e8lerinage paroissial<\/strong><\/p>\n<p>&nbsp;<\/p>\n<p style=\"text-align: center;\">Prochain p\u00e8lerinage en pr\u00e9paration. Participation au p\u00e8lerinage jubilaire dioc\u00e9sain de Jambville. Date pr\u00e9vue : jeudi 29 mai<\/p>\n","protected":false},"excerpt":{"rendered":"<p>Marche Saint-Joseph &nbsp; Une journ\u00e9e de marche jusqu\u2019\u00e0 Paris pour les hommes. Responsable: Pascal Langard . Prochaine marche : samedi\u00a022 mars 2025. P\u00e8lerinage des P\u00e8res de famille &nbsp; Trois jours de marche vers un sanctuaire pour prendre un temps de pause et partager dans une atmosph\u00e8re simple et fraternelle. Responsable : Pascal Langard P\u00e8lerinage des [&hellip;]<\/p>\n","protected":false},"author":6,"featured_media":0,"parent":1123,"menu_order":4,"comment_status":"closed","ping_status":"closed","template":"page-type.php","meta":{"footnotes":""},"class_list":["post-1138","page","type-page","status-publish","hentry"],"_links":{"self":[{"href":"https:\/\/www.sainteelisabeth-versailles.com\/seh\/wp-json\/wp\/v2\/pages\/1138","targetHints":{"allow":["GET"]}}],"collection":[{"href":"https:\/\/www.sainteelisabeth-versailles.com\/seh\/wp-json\/wp\/v2\/pages"}],"about":[{"href":"https:\/\/www.sainteelisabeth-versailles.com\/seh\/wp-json\/wp\/v2\/types\/page"}],"author":[{"embeddable":true,"href":"https:\/\/www.sainteelisabeth-versailles.com\/seh\/wp-json\/wp\/v2\/users\/6"}],"replies":[{"embeddable":true,"href":"https:\/\/www.sainteelisabeth-versailles.com\/seh\/wp-json\/wp\/v2\/comments?post=1138"}],"version-history":[{"count":14,"href":"https:\/\/www.sainteelisabeth-versailles.com\/seh\/wp-json\/wp\/v2\/pages\/1138\/revisions"}],"predecessor-version":[{"id":6443,"href":"https:\/\/www.sainteelisabeth-versailles.com\/seh\/wp-json\/wp\/v2\/pages\/1138\/revisions\/6443"}],"up":[{"embeddable":true,"href":"https:\/\/www.sainteelisabeth-versailles.com\/seh\/wp-json\/wp\/v2\/pages\/1123"}],"wp:attachment":[{"href":"https:\/\/www.sainteelisabeth-versailles.com\/seh\/wp-json\/wp\/v2\/media?parent=1138"}],"curies":[{"name":"wp","href":"https:\/\/api.w.org\/{rel}","templated":true}]}}