{"id":1135,"date":"2019-09-18T22:07:57","date_gmt":"2019-09-18T20:07:57","guid":{"rendered":"http:\/\/www.sainteelisabeth-versailles.com\/seh\/?page_id=1135"},"modified":"2024-06-18T11:59:51","modified_gmt":"2024-06-18T09:59:51","slug":"projet-st-joseph","status":"publish","type":"page","link":"https:\/\/www.sainteelisabeth-versailles.com\/seh\/activites\/projet-st-joseph\/","title":{"rendered":"Solidarit\u00e9s Nouvelles face au Ch\u00f4mage (SNC)"},"content":{"rendered":"<div dir=\"auto\">\n<p style=\"text-align: center;\"><a href=\"https:\/\/drive.google.com\/file\/d\/1_dA5_nXYJzEvviS7gNFhQvMT9PDzfpfM\/view?usp=sharing\"><img loading=\"lazy\" decoding=\"async\" class=\"alignnone wp-image-5899 size-full\" src=\"https:\/\/www.sainteelisabeth-versailles.com\/seh\/wp-content\/uploads\/2024\/03\/snc.png\" alt=\"\" width=\"489\" height=\"815\" srcset=\"https:\/\/www.sainteelisabeth-versailles.com\/seh\/wp-content\/uploads\/2024\/03\/snc.png 489w, https:\/\/www.sainteelisabeth-versailles.com\/seh\/wp-content\/uploads\/2024\/03\/snc-180x300.png 180w\" sizes=\"auto, (max-width: 489px) 100vw, 489px\" \/><\/a><\/p>\n<p>&nbsp;<\/p>\n<p style=\"text-align: center;\">SNC envisage de mettre en place un nouveau groupe dans le quartier des Chantiers. Pour ce faire, <strong>SNC recherche des accompagnateurs b\u00e9n\u00e9voles<\/strong> en activit\u00e9 professionnelle ou retrait\u00e9s (la formation est assur\u00e9e gratuitement par SNC).<\/p>\n<p>&nbsp;<\/p>\n<p style=\"text-align: center;\"><strong>\u00c0 propos de Solidarit\u00e9s Nouvelles face au Ch\u00f4mage (SNC) :<\/strong><\/p>\n<p style=\"text-align: center;\">SNC propose une formule gratuite, simple et efficace d\u2019accompagnement personnalis\u00e9 du demandeur d\u2019emploi, par un bin\u00f4me form\u00e9, aussi longtemps que n\u00e9cessaire et cela jusqu\u2019au retour \u00e0 l\u2019emploi. En compl\u00e9ment de l\u2019accompagnement par des bin\u00f4mes, SNC propose aux chercheurs d\u2019emploi des ateliers tr\u00e8s pratiques tels que : \u00ab Booster mon CV, face \u00e0 une offre, en m\u2019appuyant sur mes comp\u00e9tences \u00bb, \u00ab Approche directe \u00bb, \u00ab Cl\u00e9s et outils pour mieux oser \u00bb, \u00ab D\u00e9velopper sa visibilit\u00e9 et ses contacts gr\u00e2ce aux r\u00e9seaux sociaux professionnels \u00bb, \u00ab Pr\u00e9paration \u00e0 l\u2019entretien de recrutement \u00bb, \u2026<\/p>\n<p style=\"text-align: center;\">Plus d&rsquo;informations dans le flyer disponible en cliquant sur l&rsquo;image ci-dessus.<\/p>\n<p>&nbsp;<\/p>\n<p style=\"text-align: center;\">Contacts : Groupe SNC Versailles Saint Louis &#8211; Mail : <a href=\"mailto:snc-versailles-saintlouis@orange.fr\">snc-versailles-saintlouis@orange.fr<\/a><\/p>\n<p style=\"text-align: center;\">Yvan BAUMANN \u2013 mob : 06 76 05 99 33<\/p>\n<\/div>\n","protected":false},"excerpt":{"rendered":"<p>&nbsp; SNC envisage de mettre en place un nouveau groupe dans le quartier des Chantiers. Pour ce faire, SNC recherche des accompagnateurs b\u00e9n\u00e9voles en activit\u00e9 professionnelle ou retrait\u00e9s (la formation est assur\u00e9e gratuitement par SNC). &nbsp; \u00c0 propos de Solidarit\u00e9s Nouvelles face au Ch\u00f4mage (SNC) : SNC propose une formule gratuite, simple et efficace d\u2019accompagnement [&hellip;]<\/p>\n","protected":false},"author":6,"featured_media":0,"parent":1123,"menu_order":3,"comment_status":"closed","ping_status":"closed","template":"page-type.php","meta":{"footnotes":""},"class_list":["post-1135","page","type-page","status-publish","hentry"],"_links":{"self":[{"href":"https:\/\/www.sainteelisabeth-versailles.com\/seh\/wp-json\/wp\/v2\/pages\/1135","targetHints":{"allow":["GET"]}}],"collection":[{"href":"https:\/\/www.sainteelisabeth-versailles.com\/seh\/wp-json\/wp\/v2\/pages"}],"about":[{"href":"https:\/\/www.sainteelisabeth-versailles.com\/seh\/wp-json\/wp\/v2\/types\/page"}],"author":[{"embeddable":true,"href":"https:\/\/www.sainteelisabeth-versailles.com\/seh\/wp-json\/wp\/v2\/users\/6"}],"replies":[{"embeddable":true,"href":"https:\/\/www.sainteelisabeth-versailles.com\/seh\/wp-json\/wp\/v2\/comments?post=1135"}],"version-history":[{"count":19,"href":"https:\/\/www.sainteelisabeth-versailles.com\/seh\/wp-json\/wp\/v2\/pages\/1135\/revisions"}],"predecessor-version":[{"id":6043,"href":"https:\/\/www.sainteelisabeth-versailles.com\/seh\/wp-json\/wp\/v2\/pages\/1135\/revisions\/6043"}],"up":[{"embeddable":true,"href":"https:\/\/www.sainteelisabeth-versailles.com\/seh\/wp-json\/wp\/v2\/pages\/1123"}],"wp:attachment":[{"href":"https:\/\/www.sainteelisabeth-versailles.com\/seh\/wp-json\/wp\/v2\/media?parent=1135"}],"curies":[{"name":"wp","href":"https:\/\/api.w.org\/{rel}","templated":true}]}}